{"id":417,"date":"2023-11-28T10:20:27","date_gmt":"2023-11-28T10:20:27","guid":{"rendered":"http:\/\/materneverzekert.be\/?page_id=417"},"modified":"2023-11-28T10:26:08","modified_gmt":"2023-11-28T10:26:08","slug":"legal","status":"publish","type":"page","link":"https:\/\/materneverzekert.be\/en\/legaal\/","title":{"rendered":"Legal"},"content":{"rendered":"<div data-elementor-type=\"wp-page\" data-elementor-id=\"417\" class=\"elementor elementor-417\" data-elementor-post-type=\"page\">\n\t\t\t\t<div class=\"elementor-element elementor-element-f120743 e-flex e-con-boxed e-con e-parent\" data-id=\"f120743\" data-element_type=\"container\" data-e-type=\"container\" data-settings=\"{&quot;background_background&quot;:&quot;classic&quot;,&quot;jet_parallax_layout_list&quot;:[]}\">\n\t\t\t\t\t<div class=\"e-con-inner\">\n\t\t\t\t<div class=\"elementor-element elementor-element-8dbb515 elementor-icon-list--layout-inline elementor-mobile-align-center elementor-list-item-link-full_width elementor-widget elementor-widget-icon-list\" data-id=\"8dbb515\" data-element_type=\"widget\" data-e-type=\"widget\" data-widget_type=\"icon-list.default\">\n\t\t\t\t<div class=\"elementor-widget-container\">\n\t\t\t\t\t\t\t<ul class=\"elementor-icon-list-items elementor-inline-items\">\n\t\t\t\t\t\t\t<li class=\"elementor-icon-list-item elementor-inline-item\">\n\t\t\t\t\t\t\t\t\t\t\t<a href=\"http:\/\/materneverzekert.be\/en\/\">\n\n\t\t\t\t\t\t\t\t\t\t\t<span class=\"elementor-icon-list-text\">Home<\/span>\n\t\t\t\t\t\t\t\t\t\t\t<\/a>\n\t\t\t\t\t\t\t\t\t<\/li>\n\t\t\t\t\t\t\t\t<li class=\"elementor-icon-list-item elementor-inline-item\">\n\t\t\t\t\t\t\t\t\t\t\t<a href=\"http:\/\/materneverzekert.be\/en\/legal\/\">\n\n\t\t\t\t\t\t\t\t\t\t\t\t<span class=\"elementor-icon-list-icon\">\n\t\t\t\t\t\t\t<svg aria-hidden=\"true\" class=\"e-font-icon-svg e-fas-chevron-right\" viewbox=\"0 0 320 512\" xmlns=\"http:\/\/www.w3.org\/2000\/svg\"><path d=\"M285.476 272.971L91.132 467.314c-9.373 9.373-24.569 9.373-33.941 0l-22.667-22.667c-9.357-9.357-9.375-24.522-.04-33.901L188.505 256 34.484 101.255c-9.335-9.379-9.317-24.544.04-33.901l22.667-22.667c9.373-9.373 24.569-9.373 33.941 0L285.475 239.03c9.373 9.372 9.373 24.568.001 33.941z\"><\/path><\/svg>\t\t\t\t\t\t<\/span>\n\t\t\t\t\t\t\t\t\t\t<span class=\"elementor-icon-list-text\">Legal<\/span>\n\t\t\t\t\t\t\t\t\t\t\t<\/a>\n\t\t\t\t\t\t\t\t\t<\/li>\n\t\t\t\t\t\t<\/ul>\n\t\t\t\t\t\t<\/div>\n\t\t\t\t<\/div>\n\t\t\t\t\t<\/div>\n\t\t\t\t<\/div>\n\t\t<div class=\"elementor-element elementor-element-9bf5512 e-flex e-con-boxed e-con e-parent\" data-id=\"9bf5512\" data-element_type=\"container\" data-e-type=\"container\" data-settings=\"{&quot;jet_parallax_layout_list&quot;:[]}\">\n\t\t\t\t\t<div class=\"e-con-inner\">\n\t\t\t\t<div class=\"elementor-element elementor-element-a0fa866 elementor-widget elementor-widget-heading\" data-id=\"a0fa866\" data-element_type=\"widget\" data-e-type=\"widget\" data-widget_type=\"heading.default\">\n\t\t\t\t<div class=\"elementor-widget-container\">\n\t\t\t\t\t<h2 class=\"elementor-heading-title elementor-size-default\">Legal<\/h2>\t\t\t\t<\/div>\n\t\t\t\t<\/div>\n\t\t<div class=\"elementor-element elementor-element-8a0a6c3 e-flex e-con-boxed e-con e-child\" data-id=\"8a0a6c3\" data-element_type=\"container\" data-e-type=\"container\" data-settings=\"{&quot;jet_parallax_layout_list&quot;:[]}\">\n\t\t\t\t\t<div class=\"e-con-inner\">\n\t\t<div class=\"elementor-element elementor-element-d1666f4 e-grid e-con-full e-con e-child\" data-id=\"d1666f4\" data-element_type=\"container\" data-e-type=\"container\" data-settings=\"{&quot;jet_parallax_layout_list&quot;:[]}\">\n\t\t<div class=\"elementor-element elementor-element-54ca9ef e-flex e-con-boxed e-con e-child\" data-id=\"54ca9ef\" data-element_type=\"container\" data-e-type=\"container\" data-settings=\"{&quot;jet_parallax_layout_list&quot;:[]}\">\n\t\t\t\t\t<div class=\"e-con-inner\">\n\t\t<div class=\"elementor-element elementor-element-d3003fd e-flex e-con-boxed e-con e-child\" data-id=\"d3003fd\" data-element_type=\"container\" data-e-type=\"container\" data-settings=\"{&quot;jet_parallax_layout_list&quot;:[]}\">\n\t\t\t\t\t<div class=\"e-con-inner\">\n\t\t\t\t<div class=\"elementor-element elementor-element-8a3f10d elementor-widget elementor-widget-image\" data-id=\"8a3f10d\" data-element_type=\"widget\" data-e-type=\"widget\" data-widget_type=\"image.default\">\n\t\t\t\t<div class=\"elementor-widget-container\">\n\t\t\t\t\t\t\t\t\t\t\t\t\t\t\t<img decoding=\"async\" width=\"200\" height=\"200\" src=\"https:\/\/materneverzekert.be\/wp-content\/uploads\/2023\/11\/Legaal-materne-verzekeringen1.webp\" class=\"attachment-full size-full wp-image-419\" alt=\"\" srcset=\"https:\/\/materneverzekert.be\/wp-content\/uploads\/2023\/11\/Legaal-materne-verzekeringen1.webp 200w, https:\/\/materneverzekert.be\/wp-content\/uploads\/2023\/11\/Legaal-materne-verzekeringen1-150x150.webp 150w\" sizes=\"(max-width: 200px) 100vw, 200px\" \/>\t\t\t\t\t\t\t\t\t\t\t\t\t\t\t<\/div>\n\t\t\t\t<\/div>\n\t\t\t\t<div class=\"elementor-element elementor-element-c264e33 elementor-widget elementor-widget-heading\" data-id=\"c264e33\" data-element_type=\"widget\" data-e-type=\"widget\" data-widget_type=\"heading.default\">\n\t\t\t\t<div class=\"elementor-widget-container\">\n\t\t\t\t\t<h2 class=\"elementor-heading-title elementor-size-default\">Matern\u00e9 Privacy Policy<\/h2>\t\t\t\t<\/div>\n\t\t\t\t<\/div>\n\t\t\t\t<div class=\"elementor-element elementor-element-b394234 elementor-widget elementor-widget-text-editor\" data-id=\"b394234\" data-element_type=\"widget\" data-e-type=\"widget\" data-widget_type=\"text-editor.default\">\n\t\t\t\t<div class=\"elementor-widget-container\">\n\t\t\t\t\t\t\t\t\t<p>Find out how Matern\u00e9 protects and processes your data in their system.<\/p>\t\t\t\t\t\t\t\t<\/div>\n\t\t\t\t<\/div>\n\t\t\t\t<div class=\"elementor-element elementor-element-3796428 elementor-align-center elementor-widget elementor-widget-button\" data-id=\"3796428\" data-element_type=\"widget\" data-e-type=\"widget\" data-widget_type=\"button.default\">\n\t\t\t\t<div class=\"elementor-widget-container\">\n\t\t\t\t\t\t\t\t\t<div class=\"elementor-button-wrapper\">\n\t\t\t\t\t<a class=\"elementor-button elementor-button-link elementor-size-md\" href=\"http:\/\/materneverzekert.be\/en\/privacy-clause\/\" target=\"_blank\" rel=\"nofollow\">\n\t\t\t\t\t\t<span class=\"elementor-button-content-wrapper\">\n\t\t\t\t\t\t<span class=\"elementor-button-icon\">\n\t\t\t\t<svg xmlns=\"http:\/\/www.w3.org\/2000\/svg\" width=\"11\" height=\"10\" viewbox=\"0 0 11 10\" fill=\"none\"><path d=\"M1.03553 9.49269L9.52082 1.00741M9.52082 1.00741H2.44975M9.52082 1.00741V8.07847\" stroke=\"white\" stroke-linecap=\"round\" stroke-linejoin=\"round\"><\/path><\/svg>\t\t\t<\/span>\n\t\t\t\t\t\t\t\t\t<span class=\"elementor-button-text\">Read privacy policy<\/span>\n\t\t\t\t\t<\/span>\n\t\t\t\t\t<\/a>\n\t\t\t\t<\/div>\n\t\t\t\t\t\t\t\t<\/div>\n\t\t\t\t<\/div>\n\t\t\t\t\t<\/div>\n\t\t\t\t<\/div>\n\t\t\t\t\t<\/div>\n\t\t\t\t<\/div>\n\t\t<div class=\"elementor-element elementor-element-437bb45 e-flex e-con-boxed e-con e-child\" data-id=\"437bb45\" data-element_type=\"container\" data-e-type=\"container\" data-settings=\"{&quot;jet_parallax_layout_list&quot;:[]}\">\n\t\t\t\t\t<div class=\"e-con-inner\">\n\t\t<div class=\"elementor-element elementor-element-5dbb998 e-flex e-con-boxed e-con e-child\" data-id=\"5dbb998\" data-element_type=\"container\" data-e-type=\"container\" data-settings=\"{&quot;jet_parallax_layout_list&quot;:[]}\">\n\t\t\t\t\t<div class=\"e-con-inner\">\n\t\t\t\t<div class=\"elementor-element elementor-element-a11ad57 elementor-widget elementor-widget-image\" data-id=\"a11ad57\" data-element_type=\"widget\" data-e-type=\"widget\" data-widget_type=\"image.default\">\n\t\t\t\t<div class=\"elementor-widget-container\">\n\t\t\t\t\t\t\t\t\t\t\t\t\t\t\t<img decoding=\"async\" width=\"200\" height=\"200\" src=\"https:\/\/materneverzekert.be\/wp-content\/uploads\/2023\/11\/Legaal-materne-verzekeringen3.webp\" class=\"attachment-full size-full wp-image-421\" alt=\"\" srcset=\"https:\/\/materneverzekert.be\/wp-content\/uploads\/2023\/11\/Legaal-materne-verzekeringen3.webp 200w, https:\/\/materneverzekert.be\/wp-content\/uploads\/2023\/11\/Legaal-materne-verzekeringen3-150x150.webp 150w\" sizes=\"(max-width: 200px) 100vw, 200px\" \/>\t\t\t\t\t\t\t\t\t\t\t\t\t\t\t<\/div>\n\t\t\t\t<\/div>\n\t\t\t\t<div class=\"elementor-element elementor-element-ed6b862 elementor-widget elementor-widget-heading\" data-id=\"ed6b862\" data-element_type=\"widget\" data-e-type=\"widget\" data-widget_type=\"heading.default\">\n\t\t\t\t<div class=\"elementor-widget-container\">\n\t\t\t\t\t<h2 class=\"elementor-heading-title elementor-size-default\">Legal disclaimer<\/h2>\t\t\t\t<\/div>\n\t\t\t\t<\/div>\n\t\t\t\t<div class=\"elementor-element elementor-element-c379511 elementor-widget elementor-widget-text-editor\" data-id=\"c379511\" data-element_type=\"widget\" data-e-type=\"widget\" data-widget_type=\"text-editor.default\">\n\t\t\t\t<div class=\"elementor-widget-container\">\n\t\t\t\t\t\t\t\t\t<p>Our precautions to share correct informational documents.<\/p>\t\t\t\t\t\t\t\t<\/div>\n\t\t\t\t<\/div>\n\t\t\t\t<div class=\"elementor-element elementor-element-cdbffbc elementor-align-center elementor-widget elementor-widget-button\" data-id=\"cdbffbc\" data-element_type=\"widget\" data-e-type=\"widget\" data-widget_type=\"button.default\">\n\t\t\t\t<div class=\"elementor-widget-container\">\n\t\t\t\t\t\t\t\t\t<div class=\"elementor-button-wrapper\">\n\t\t\t\t\t<a class=\"elementor-button elementor-button-link elementor-size-md\" href=\"http:\/\/materneverzekert.be\/en\/legal-disclaimer\/\" target=\"_blank\" rel=\"nofollow\">\n\t\t\t\t\t\t<span class=\"elementor-button-content-wrapper\">\n\t\t\t\t\t\t<span class=\"elementor-button-icon\">\n\t\t\t\t<svg xmlns=\"http:\/\/www.w3.org\/2000\/svg\" width=\"11\" height=\"10\" viewbox=\"0 0 11 10\" fill=\"none\"><path d=\"M1.03553 9.49269L9.52082 1.00741M9.52082 1.00741H2.44975M9.52082 1.00741V8.07847\" stroke=\"white\" stroke-linecap=\"round\" stroke-linejoin=\"round\"><\/path><\/svg>\t\t\t<\/span>\n\t\t\t\t\t\t\t\t\t<span class=\"elementor-button-text\">Read disclaimer<\/span>\n\t\t\t\t\t<\/span>\n\t\t\t\t\t<\/a>\n\t\t\t\t<\/div>\n\t\t\t\t\t\t\t\t<\/div>\n\t\t\t\t<\/div>\n\t\t\t\t\t<\/div>\n\t\t\t\t<\/div>\n\t\t\t\t\t<\/div>\n\t\t\t\t<\/div>\n\t\t<div class=\"elementor-element elementor-element-9f64f21 e-flex e-con-boxed e-con e-child\" data-id=\"9f64f21\" data-element_type=\"container\" data-e-type=\"container\" data-settings=\"{&quot;jet_parallax_layout_list&quot;:[]}\">\n\t\t\t\t\t<div class=\"e-con-inner\">\n\t\t<div class=\"elementor-element elementor-element-b0aea49 e-flex e-con-boxed e-con e-child\" data-id=\"b0aea49\" data-element_type=\"container\" data-e-type=\"container\" data-settings=\"{&quot;jet_parallax_layout_list&quot;:[]}\">\n\t\t\t\t\t<div class=\"e-con-inner\">\n\t\t\t\t<div class=\"elementor-element elementor-element-b496833 elementor-widget elementor-widget-image\" data-id=\"b496833\" data-element_type=\"widget\" data-e-type=\"widget\" data-widget_type=\"image.default\">\n\t\t\t\t<div class=\"elementor-widget-container\">\n\t\t\t\t\t\t\t\t\t\t\t\t\t\t\t<img decoding=\"async\" width=\"200\" height=\"200\" src=\"https:\/\/materneverzekert.be\/wp-content\/uploads\/2023\/11\/Legaal-materne-verzekeringen3.webp\" class=\"attachment-full size-full wp-image-421\" alt=\"\" srcset=\"https:\/\/materneverzekert.be\/wp-content\/uploads\/2023\/11\/Legaal-materne-verzekeringen3.webp 200w, https:\/\/materneverzekert.be\/wp-content\/uploads\/2023\/11\/Legaal-materne-verzekeringen3-150x150.webp 150w\" sizes=\"(max-width: 200px) 100vw, 200px\" \/>\t\t\t\t\t\t\t\t\t\t\t\t\t\t\t<\/div>\n\t\t\t\t<\/div>\n\t\t\t\t<div class=\"elementor-element elementor-element-3cd95c7 elementor-widget elementor-widget-heading\" data-id=\"3cd95c7\" data-element_type=\"widget\" data-e-type=\"widget\" data-widget_type=\"heading.default\">\n\t\t\t\t<div class=\"elementor-widget-container\">\n\t\t\t\t\t<h2 class=\"elementor-heading-title elementor-size-default\">AssurMiFID Code of Conduct<\/h2>\t\t\t\t<\/div>\n\t\t\t\t<\/div>\n\t\t\t\t<div class=\"elementor-element elementor-element-c703509 elementor-widget elementor-widget-text-editor\" data-id=\"c703509\" data-element_type=\"widget\" data-e-type=\"widget\" data-widget_type=\"text-editor.default\">\n\t\t\t\t<div class=\"elementor-widget-container\">\n\t\t\t\t\t\t\t\t\t<p>Our firm is obliged to comply with the \"AssurMiFID rules of conduct\".<\/p>\t\t\t\t\t\t\t\t<\/div>\n\t\t\t\t<\/div>\n\t\t\t\t<div class=\"elementor-element elementor-element-16c9a5d elementor-align-center elementor-widget elementor-widget-button\" data-id=\"16c9a5d\" data-element_type=\"widget\" data-e-type=\"widget\" data-widget_type=\"button.default\">\n\t\t\t\t<div class=\"elementor-widget-container\">\n\t\t\t\t\t\t\t\t\t<div class=\"elementor-button-wrapper\">\n\t\t\t\t\t<a class=\"elementor-button elementor-button-link elementor-size-md\" href=\"http:\/\/materneverzekert.be\/en\/assur-mifid-code-of-conduct\/\" target=\"_blank\" rel=\"nofollow\">\n\t\t\t\t\t\t<span class=\"elementor-button-content-wrapper\">\n\t\t\t\t\t\t<span class=\"elementor-button-icon\">\n\t\t\t\t<svg xmlns=\"http:\/\/www.w3.org\/2000\/svg\" width=\"11\" height=\"10\" viewbox=\"0 0 11 10\" fill=\"none\"><path d=\"M1.03553 9.49269L9.52082 1.00741M9.52082 1.00741H2.44975M9.52082 1.00741V8.07847\" stroke=\"white\" stroke-linecap=\"round\" stroke-linejoin=\"round\"><\/path><\/svg>\t\t\t<\/span>\n\t\t\t\t\t\t\t\t\t<span class=\"elementor-button-text\">Read rules of conduct<\/span>\n\t\t\t\t\t<\/span>\n\t\t\t\t\t<\/a>\n\t\t\t\t<\/div>\n\t\t\t\t\t\t\t\t<\/div>\n\t\t\t\t<\/div>\n\t\t\t\t\t<\/div>\n\t\t\t\t<\/div>\n\t\t\t\t\t<\/div>\n\t\t\t\t<\/div>\n\t\t\t\t<\/div>\n\t\t\t\t\t<\/div>\n\t\t\t\t<\/div>\n\t\t\t\t\t<\/div>\n\t\t\t\t<\/div>\n\t\t\t\t<\/div>","protected":false},"excerpt":{"rendered":"<p>Home Legal Matern\u00e9 Privacy Policy Read how Matern\u00e9 protects and processes your data in their system. Read privacy policy Legal disclaimer Our precautions to share correct information documents. Read disclaimer AssurMiFID Rules of Conduct Our firm is bound by the \"AssurMiFID Rules of Conduct\". Read rules of conduct<\/p>","protected":false},"author":1,"featured_media":10,"parent":0,"menu_order":0,"comment_status":"closed","ping_status":"closed","template":"","meta":{"footnotes":""},"class_list":["post-417","page","type-page","status-publish","has-post-thumbnail","hentry"],"yoast_head":"<!-- This site is optimized with the Yoast SEO plugin v27.4 - https:\/\/yoast.com\/product\/yoast-seo-wordpress\/ -->\n<title>Legaal - Matern\u00e9 Verzekert<\/title>\n<meta name=\"robots\" content=\"index, follow, max-snippet:-1, max-image-preview:large, max-video-preview:-1\" \/>\n<link rel=\"canonical\" href=\"https:\/\/materneverzekert.be\/en\/legal\/\" \/>\n<meta property=\"og:locale\" content=\"en_GB\" \/>\n<meta property=\"og:type\" content=\"article\" \/>\n<meta property=\"og:title\" content=\"Legaal - Matern\u00e9 Verzekert\" \/>\n<meta property=\"og:description\" content=\"Home Legaal Legaal Matern\u00e9 Privacybeleid Lees hoe Matern\u00e9 jouw gegevens beschermt en verwerkt in hun systeem. Lees privacybeleid Juridische disclaimer Onze voorzorgsmaatregelen om correcte informatieve documenten te delen. Lees disclaimer AssurMiFID-Gedragsregels Ons kantoor is gehouden tot het naleven van de \u201cAssurMiFID-gedragsregels\u201d. Lees gedragsregels\" \/>\n<meta property=\"og:url\" content=\"https:\/\/materneverzekert.be\/en\/legal\/\" \/>\n<meta property=\"og:site_name\" content=\"Matern\u00e9 Verzekert\" \/>\n<meta property=\"article:publisher\" content=\"https:\/\/www.facebook.com\/Materne.Verzekert\/\" \/>\n<meta property=\"article:modified_time\" content=\"2023-11-28T10:26:08+00:00\" \/>\n<meta property=\"og:image\" content=\"https:\/\/materneverzekert.be\/wp-content\/uploads\/2023\/11\/Featured-image-1.webp\" \/>\n\t<meta property=\"og:image:width\" content=\"400\" \/>\n\t<meta property=\"og:image:height\" content=\"250\" \/>\n\t<meta property=\"og:image:type\" content=\"image\/webp\" \/>\n<meta name=\"twitter:card\" content=\"summary_large_image\" \/>\n<script type=\"application\/ld+json\" class=\"yoast-schema-graph\">{\"@context\":\"https:\\\/\\\/schema.org\",\"@graph\":[{\"@type\":\"WebPage\",\"@id\":\"https:\\\/\\\/materneverzekert.be\\\/nl\\\/legaal\\\/\",\"url\":\"https:\\\/\\\/materneverzekert.be\\\/nl\\\/legaal\\\/\",\"name\":\"Legaal - Matern\u00e9 Verzekert\",\"isPartOf\":{\"@id\":\"https:\\\/\\\/materneverzekert.be\\\/en\\\/#website\"},\"primaryImageOfPage\":{\"@id\":\"https:\\\/\\\/materneverzekert.be\\\/nl\\\/legaal\\\/#primaryimage\"},\"image\":{\"@id\":\"https:\\\/\\\/materneverzekert.be\\\/nl\\\/legaal\\\/#primaryimage\"},\"thumbnailUrl\":\"https:\\\/\\\/materneverzekert.be\\\/wp-content\\\/uploads\\\/2023\\\/11\\\/Featured-image-1.webp\",\"datePublished\":\"2023-11-28T10:20:27+00:00\",\"dateModified\":\"2023-11-28T10:26:08+00:00\",\"breadcrumb\":{\"@id\":\"https:\\\/\\\/materneverzekert.be\\\/nl\\\/legaal\\\/#breadcrumb\"},\"inLanguage\":\"en-GB\",\"potentialAction\":[{\"@type\":\"ReadAction\",\"target\":[\"https:\\\/\\\/materneverzekert.be\\\/nl\\\/legaal\\\/\"]}]},{\"@type\":\"ImageObject\",\"inLanguage\":\"en-GB\",\"@id\":\"https:\\\/\\\/materneverzekert.be\\\/nl\\\/legaal\\\/#primaryimage\",\"url\":\"https:\\\/\\\/materneverzekert.be\\\/wp-content\\\/uploads\\\/2023\\\/11\\\/Featured-image-1.webp\",\"contentUrl\":\"https:\\\/\\\/materneverzekert.be\\\/wp-content\\\/uploads\\\/2023\\\/11\\\/Featured-image-1.webp\",\"width\":400,\"height\":250},{\"@type\":\"BreadcrumbList\",\"@id\":\"https:\\\/\\\/materneverzekert.be\\\/nl\\\/legaal\\\/#breadcrumb\",\"itemListElement\":[{\"@type\":\"ListItem\",\"position\":1,\"name\":\"Home\",\"item\":\"https:\\\/\\\/materneverzekert.be\\\/\"},{\"@type\":\"ListItem\",\"position\":2,\"name\":\"Legaal\"}]},{\"@type\":\"WebSite\",\"@id\":\"https:\\\/\\\/materneverzekert.be\\\/en\\\/#website\",\"url\":\"https:\\\/\\\/materneverzekert.be\\\/en\\\/\",\"name\":\"Matern\u00e9 Verzekert\",\"description\":\"Verzekeringen en Financi\u00ebn\",\"publisher\":{\"@id\":\"https:\\\/\\\/materneverzekert.be\\\/en\\\/#organization\"},\"potentialAction\":[{\"@type\":\"SearchAction\",\"target\":{\"@type\":\"EntryPoint\",\"urlTemplate\":\"https:\\\/\\\/materneverzekert.be\\\/en\\\/?s={search_term_string}\"},\"query-input\":{\"@type\":\"PropertyValueSpecification\",\"valueRequired\":true,\"valueName\":\"search_term_string\"}}],\"inLanguage\":\"en-GB\"},{\"@type\":\"Organization\",\"@id\":\"https:\\\/\\\/materneverzekert.be\\\/en\\\/#organization\",\"name\":\"Matern\u00e9 Verzekert\",\"url\":\"https:\\\/\\\/materneverzekert.be\\\/en\\\/\",\"logo\":{\"@type\":\"ImageObject\",\"inLanguage\":\"en-GB\",\"@id\":\"https:\\\/\\\/materneverzekert.be\\\/en\\\/#\\\/schema\\\/logo\\\/image\\\/\",\"url\":\"https:\\\/\\\/materneverzekert.be\\\/wp-content\\\/uploads\\\/2023\\\/11\\\/logo-materne.webp\",\"contentUrl\":\"https:\\\/\\\/materneverzekert.be\\\/wp-content\\\/uploads\\\/2023\\\/11\\\/logo-materne.webp\",\"width\":329,\"height\":64,\"caption\":\"Matern\u00e9 Verzekert\"},\"image\":{\"@id\":\"https:\\\/\\\/materneverzekert.be\\\/en\\\/#\\\/schema\\\/logo\\\/image\\\/\"},\"sameAs\":[\"https:\\\/\\\/www.facebook.com\\\/Materne.Verzekert\\\/\",\"https:\\\/\\\/www.instagram.com\\\/materne_verzekert\\\/\",\"https:\\\/\\\/www.linkedin.com\\\/company\\\/5280937\"]}]}<\/script>\n<!-- \/ Yoast SEO plugin. -->","yoast_head_json":{"title":"Legal - Matern\u00e9 Insured","robots":{"index":"index","follow":"follow","max-snippet":"max-snippet:-1","max-image-preview":"max-image-preview:large","max-video-preview":"max-video-preview:-1"},"canonical":"https:\/\/materneverzekert.be\/en\/legal\/","og_locale":"en_GB","og_type":"article","og_title":"Legaal - Matern\u00e9 Verzekert","og_description":"Home Legaal Legaal Matern\u00e9 Privacybeleid Lees hoe Matern\u00e9 jouw gegevens beschermt en verwerkt in hun systeem. Lees privacybeleid Juridische disclaimer Onze voorzorgsmaatregelen om correcte informatieve documenten te delen. Lees disclaimer AssurMiFID-Gedragsregels Ons kantoor is gehouden tot het naleven van de \u201cAssurMiFID-gedragsregels\u201d. Lees gedragsregels","og_url":"https:\/\/materneverzekert.be\/en\/legal\/","og_site_name":"Matern\u00e9 Verzekert","article_publisher":"https:\/\/www.facebook.com\/Materne.Verzekert\/","article_modified_time":"2023-11-28T10:26:08+00:00","og_image":[{"width":400,"height":250,"url":"https:\/\/materneverzekert.be\/wp-content\/uploads\/2023\/11\/Featured-image-1.webp","type":"image\/webp"}],"twitter_card":"summary_large_image","schema":{"@context":"https:\/\/schema.org","@graph":[{"@type":"WebPage","@id":"https:\/\/materneverzekert.be\/nl\/legaal\/","url":"https:\/\/materneverzekert.be\/nl\/legaal\/","name":"Legal - Matern\u00e9 Insured","isPartOf":{"@id":"https:\/\/materneverzekert.be\/en\/#website"},"primaryImageOfPage":{"@id":"https:\/\/materneverzekert.be\/nl\/legaal\/#primaryimage"},"image":{"@id":"https:\/\/materneverzekert.be\/nl\/legaal\/#primaryimage"},"thumbnailUrl":"https:\/\/materneverzekert.be\/wp-content\/uploads\/2023\/11\/Featured-image-1.webp","datePublished":"2023-11-28T10:20:27+00:00","dateModified":"2023-11-28T10:26:08+00:00","breadcrumb":{"@id":"https:\/\/materneverzekert.be\/nl\/legaal\/#breadcrumb"},"inLanguage":"en-GB","potentialAction":[{"@type":"ReadAction","target":["https:\/\/materneverzekert.be\/nl\/legaal\/"]}]},{"@type":"ImageObject","inLanguage":"en-GB","@id":"https:\/\/materneverzekert.be\/nl\/legaal\/#primaryimage","url":"https:\/\/materneverzekert.be\/wp-content\/uploads\/2023\/11\/Featured-image-1.webp","contentUrl":"https:\/\/materneverzekert.be\/wp-content\/uploads\/2023\/11\/Featured-image-1.webp","width":400,"height":250},{"@type":"BreadcrumbList","@id":"https:\/\/materneverzekert.be\/nl\/legaal\/#breadcrumb","itemListElement":[{"@type":"ListItem","position":1,"name":"Home","item":"https:\/\/materneverzekert.be\/"},{"@type":"ListItem","position":2,"name":"Legaal"}]},{"@type":"WebSite","@id":"https:\/\/materneverzekert.be\/en\/#website","url":"https:\/\/materneverzekert.be\/en\/","name":"Matern\u00e9 Insures","description":"Insurance and finance","publisher":{"@id":"https:\/\/materneverzekert.be\/en\/#organization"},"potentialAction":[{"@type":"SearchAction","target":{"@type":"EntryPoint","urlTemplate":"https:\/\/materneverzekert.be\/en\/?s={search_term_string}"},"query-input":{"@type":"PropertyValueSpecification","valueRequired":true,"valueName":"search_term_string"}}],"inLanguage":"en-GB"},{"@type":"Organization","@id":"https:\/\/materneverzekert.be\/en\/#organization","name":"Matern\u00e9 Insures","url":"https:\/\/materneverzekert.be\/en\/","logo":{"@type":"ImageObject","inLanguage":"en-GB","@id":"https:\/\/materneverzekert.be\/en\/#\/schema\/logo\/image\/","url":"https:\/\/materneverzekert.be\/wp-content\/uploads\/2023\/11\/logo-materne.webp","contentUrl":"https:\/\/materneverzekert.be\/wp-content\/uploads\/2023\/11\/logo-materne.webp","width":329,"height":64,"caption":"Matern\u00e9 Verzekert"},"image":{"@id":"https:\/\/materneverzekert.be\/en\/#\/schema\/logo\/image\/"},"sameAs":["https:\/\/www.facebook.com\/Materne.Verzekert\/","https:\/\/www.instagram.com\/materne_verzekert\/","https:\/\/www.linkedin.com\/company\/5280937"]}]}},"_links":{"self":[{"href":"https:\/\/materneverzekert.be\/en\/wp-json\/wp\/v2\/pages\/417","targetHints":{"allow":["GET"]}}],"collection":[{"href":"https:\/\/materneverzekert.be\/en\/wp-json\/wp\/v2\/pages"}],"about":[{"href":"https:\/\/materneverzekert.be\/en\/wp-json\/wp\/v2\/types\/page"}],"author":[{"embeddable":true,"href":"https:\/\/materneverzekert.be\/en\/wp-json\/wp\/v2\/users\/1"}],"replies":[{"embeddable":true,"href":"https:\/\/materneverzekert.be\/en\/wp-json\/wp\/v2\/comments?post=417"}],"version-history":[{"count":0,"href":"https:\/\/materneverzekert.be\/en\/wp-json\/wp\/v2\/pages\/417\/revisions"}],"wp:featuredmedia":[{"embeddable":true,"href":"https:\/\/materneverzekert.be\/en\/wp-json\/wp\/v2\/media\/10"}],"wp:attachment":[{"href":"https:\/\/materneverzekert.be\/en\/wp-json\/wp\/v2\/media?parent=417"}],"curies":[{"name":"wp","href":"https:\/\/api.w.org\/{rel}","templated":true}]}}