{"id":2110,"date":"2024-04-22T13:20:35","date_gmt":"2024-04-22T13:20:35","guid":{"rendered":"http:\/\/materneverzekert.be\/?page_id=2110"},"modified":"2024-04-24T08:25:22","modified_gmt":"2024-04-24T08:25:22","slug":"devis-assurance-cybernetique","status":"publish","type":"page","link":"https:\/\/materneverzekert.be\/fr\/cyberverzekering-offerte\/","title":{"rendered":"Devis d'assurance cybern\u00e9tique"},"content":{"rendered":"<div data-elementor-type=\"wp-page\" data-elementor-id=\"2110\" class=\"elementor elementor-2110\" data-elementor-post-type=\"page\">\n\t\t\t\t<div class=\"elementor-element elementor-element-b41a337 e-flex e-con-boxed e-con e-parent\" data-id=\"b41a337\" data-element_type=\"container\" data-e-type=\"container\" data-settings=\"{&quot;background_background&quot;:&quot;classic&quot;,&quot;jet_parallax_layout_list&quot;:[]}\">\n\t\t\t\t\t<div class=\"e-con-inner\">\n\t\t\t\t<div class=\"elementor-element elementor-element-731e407 elementor-icon-list--layout-inline elementor-mobile-align-center elementor-list-item-link-full_width elementor-widget elementor-widget-icon-list\" data-id=\"731e407\" data-element_type=\"widget\" data-e-type=\"widget\" data-widget_type=\"icon-list.default\">\n\t\t\t\t<div class=\"elementor-widget-container\">\n\t\t\t\t\t\t\t<ul class=\"elementor-icon-list-items elementor-inline-items\">\n\t\t\t\t\t\t\t<li class=\"elementor-icon-list-item elementor-inline-item\">\n\t\t\t\t\t\t\t\t\t\t\t<a href=\"http:\/\/materneverzekert.be\/fr\/offrir\/\">\n\n\t\t\t\t\t\t\t\t\t\t\t<span class=\"elementor-icon-list-text\">Offre<\/span>\n\t\t\t\t\t\t\t\t\t\t\t<\/a>\n\t\t\t\t\t\t\t\t\t<\/li>\n\t\t\t\t\t\t\t\t<li class=\"elementor-icon-list-item elementor-inline-item\">\n\t\t\t\t\t\t\t\t\t\t\t<a href=\"http:\/\/materneverzekert.be\/fr\/offrir\/entreprises\/\">\n\n\t\t\t\t\t\t\t\t\t\t\t\t<span class=\"elementor-icon-list-icon\">\n\t\t\t\t\t\t\t<svg aria-hidden=\"true\" class=\"e-font-icon-svg e-fas-chevron-right\" viewbox=\"0 0 320 512\" xmlns=\"http:\/\/www.w3.org\/2000\/svg\"><path d=\"M285.476 272.971L91.132 467.314c-9.373 9.373-24.569 9.373-33.941 0l-22.667-22.667c-9.357-9.357-9.375-24.522-.04-33.901L188.505 256 34.484 101.255c-9.335-9.379-9.317-24.544.04-33.901l22.667-22.667c9.373-9.373 24.569-9.373 33.941 0L285.475 239.03c9.373 9.372 9.373 24.568.001 33.941z\"><\/path><\/svg>\t\t\t\t\t\t<\/span>\n\t\t\t\t\t\t\t\t\t\t<span class=\"elementor-icon-list-text\">Entreprises<\/span>\n\t\t\t\t\t\t\t\t\t\t\t<\/a>\n\t\t\t\t\t\t\t\t\t<\/li>\n\t\t\t\t\t\t\t\t<li class=\"elementor-icon-list-item elementor-inline-item\">\n\t\t\t\t\t\t\t\t\t\t\t<a href=\"http:\/\/materneverzekert.be\/fr\/cyberverzekering\/\">\n\n\t\t\t\t\t\t\t\t\t\t\t\t<span class=\"elementor-icon-list-icon\">\n\t\t\t\t\t\t\t<svg aria-hidden=\"true\" class=\"e-font-icon-svg e-fas-chevron-right\" viewbox=\"0 0 320 512\" xmlns=\"http:\/\/www.w3.org\/2000\/svg\"><path d=\"M285.476 272.971L91.132 467.314c-9.373 9.373-24.569 9.373-33.941 0l-22.667-22.667c-9.357-9.357-9.375-24.522-.04-33.901L188.505 256 34.484 101.255c-9.335-9.379-9.317-24.544.04-33.901l22.667-22.667c9.373-9.373 24.569-9.373 33.941 0L285.475 239.03c9.373 9.372 9.373 24.568.001 33.941z\"><\/path><\/svg>\t\t\t\t\t\t<\/span>\n\t\t\t\t\t\t\t\t\t\t<span class=\"elementor-icon-list-text\">Assurance cybern\u00e9tique<\/span>\n\t\t\t\t\t\t\t\t\t\t\t<\/a>\n\t\t\t\t\t\t\t\t\t<\/li>\n\t\t\t\t\t\t\t\t<li class=\"elementor-icon-list-item elementor-inline-item\">\n\t\t\t\t\t\t\t\t\t\t\t<a href=\"http:\/\/materneverzekert.be\/fr\/devis-assurance-cybernetique\/\">\n\n\t\t\t\t\t\t\t\t\t\t\t\t<span class=\"elementor-icon-list-icon\">\n\t\t\t\t\t\t\t<svg aria-hidden=\"true\" class=\"e-font-icon-svg e-fas-chevron-right\" viewbox=\"0 0 320 512\" xmlns=\"http:\/\/www.w3.org\/2000\/svg\"><path d=\"M285.476 272.971L91.132 467.314c-9.373 9.373-24.569 9.373-33.941 0l-22.667-22.667c-9.357-9.357-9.375-24.522-.04-33.901L188.505 256 34.484 101.255c-9.335-9.379-9.317-24.544.04-33.901l22.667-22.667c9.373-9.373 24.569-9.373 33.941 0L285.475 239.03c9.373 9.372 9.373 24.568.001 33.941z\"><\/path><\/svg>\t\t\t\t\t\t<\/span>\n\t\t\t\t\t\t\t\t\t\t<span class=\"elementor-icon-list-text\">Calculer le devis<\/span>\n\t\t\t\t\t\t\t\t\t\t\t<\/a>\n\t\t\t\t\t\t\t\t\t<\/li>\n\t\t\t\t\t\t<\/ul>\n\t\t\t\t\t\t<\/div>\n\t\t\t\t<\/div>\n\t\t\t\t\t<\/div>\n\t\t\t\t<\/div>\n\t\t<div class=\"elementor-element elementor-element-b52482f e-con-full e-flex e-con e-parent\" data-id=\"b52482f\" data-element_type=\"container\" data-e-type=\"container\" data-settings=\"{&quot;background_background&quot;:&quot;classic&quot;,&quot;jet_parallax_layout_list&quot;:[]}\">\n\t\t<div class=\"elementor-element elementor-element-5680541 e-flex e-con-boxed e-con e-child\" data-id=\"5680541\" data-element_type=\"container\" data-e-type=\"container\" data-settings=\"{&quot;jet_parallax_layout_list&quot;:[]}\">\n\t\t\t\t\t<div class=\"e-con-inner\">\n\t\t<div class=\"elementor-element elementor-element-2a85ab9 e-con-full e-flex e-con e-child\" data-id=\"2a85ab9\" data-element_type=\"container\" data-e-type=\"container\" data-settings=\"{&quot;jet_parallax_layout_list&quot;:[]}\">\n\t\t<div class=\"elementor-element elementor-element-2de1dcf e-con-full e-flex e-con e-child\" data-id=\"2de1dcf\" data-element_type=\"container\" data-e-type=\"container\" data-settings=\"{&quot;jet_parallax_layout_list&quot;:[]}\">\n\t\t\t\t<div class=\"elementor-element elementor-element-4ee622d elementor-widget__width-initial elementor-widget-tablet__width-initial elementor-widget elementor-widget-heading\" data-id=\"4ee622d\" data-element_type=\"widget\" data-e-type=\"widget\" data-widget_type=\"heading.default\">\n\t\t\t\t<div class=\"elementor-widget-container\">\n\t\t\t\t\t<h2 class=\"elementor-heading-title elementor-size-default\">Calculez votre devis d'assurance cybern\u00e9tique maintenant<\/h2>\t\t\t\t<\/div>\n\t\t\t\t<\/div>\n\t\t\t\t<div class=\"elementor-element elementor-element-de1c551 elementor-widget elementor-widget-text-editor\" data-id=\"de1c551\" data-element_type=\"widget\" data-e-type=\"widget\" data-widget_type=\"text-editor.default\">\n\t\t\t\t<div class=\"elementor-widget-container\">\n\t\t\t\t\t\t\t\t\t<p>La cybercriminalit\u00e9 est un probl\u00e8me contemporain qui peut avoir un impact majeur sur votre entreprise. En collaboration avec nos partenaires sp\u00e9cialis\u00e9s, nous suivons cette question en permanence. Nous sommes \u00e0 votre disposition pour prot\u00e9ger et assurer vos risques contre toutes les formes de cybercriminalit\u00e9, en fonction de votre entreprise.<\/p><p><a href=\"#offerteberekenen\"><strong><span style=\"color: #1c4689;\">Calculez d\u00e8s maintenant votre devis d'assurance cybern\u00e9tique.<\/span><\/strong><\/a><\/p>\t\t\t\t\t\t\t\t<\/div>\n\t\t\t\t<\/div>\n\t\t\t\t<\/div>\n\t\t\t\t<\/div>\n\t\t<div class=\"elementor-element elementor-element-2f6ab2b e-con-full e-flex e-con e-child\" data-id=\"2f6ab2b\" data-element_type=\"container\" data-e-type=\"container\" data-settings=\"{&quot;background_background&quot;:&quot;classic&quot;,&quot;jet_parallax_layout_list&quot;:[]}\">\n\t\t\t\t<div class=\"elementor-element elementor-element-4e4db3c elementor-widget elementor-widget-spacer\" data-id=\"4e4db3c\" data-element_type=\"widget\" data-e-type=\"widget\" data-widget_type=\"spacer.default\">\n\t\t\t\t<div class=\"elementor-widget-container\">\n\t\t\t\t\t\t\t<div class=\"elementor-spacer\">\n\t\t\t<div class=\"elementor-spacer-inner\"><\/div>\n\t\t<\/div>\n\t\t\t\t\t\t<\/div>\n\t\t\t\t<\/div>\n\t\t\t\t<\/div>\n\t\t\t\t\t<\/div>\n\t\t\t\t<\/div>\n\t\t\t\t<\/div>\n\t\t<div class=\"elementor-element elementor-element-7df3ded e-flex e-con-boxed e-con e-parent\" data-id=\"7df3ded\" data-element_type=\"container\" data-e-type=\"container\" id=\"offerteberekenen\" data-settings=\"{&quot;jet_parallax_layout_list&quot;:[]}\">\n\t\t\t\t\t<div class=\"e-con-inner\">\n\t\t\t\t<div class=\"elementor-element elementor-element-c38cfd6 elementor-widget elementor-widget-html\" data-id=\"c38cfd6\" data-element_type=\"widget\" data-e-type=\"widget\" data-widget_type=\"html.default\">\n\t\t\t\t<div class=\"elementor-widget-container\">\n\t\t\t\t\t<iframe src=\"https:\/\/store.cybercontract.eu\/store\/#\/5acd6a783b564701acebaeec\/pricing\" width=\"100%\" height=\"1200\" frameborder=\"0\"><\/iframe>\t\t\t\t<\/div>\n\t\t\t\t<\/div>\n\t\t\t\t\t<\/div>\n\t\t\t\t<\/div>\n\t\t\t\t<\/div>","protected":false},"excerpt":{"rendered":"<p>Aanbod Ondernemingen Cyberverzekering Offerte berekenen Bereken nu uw offerte voor uw cyberverzekering Cybercrime is een hedendaagse problematiek die grote gevolgen kan hebben voor uw onderneming. In samenwerking met onze gespecialiseerde partners volgen we deze kwestie continue op. Wij zijn er voor u om uw risico\u2019s op maat af te schermen \u00e9n te verzekeren tegen alle [&hellip;]<\/p>\n","protected":false},"author":1,"featured_media":0,"parent":0,"menu_order":0,"comment_status":"closed","ping_status":"closed","template":"","meta":{"footnotes":""},"class_list":["post-2110","page","type-page","status-publish","hentry"],"yoast_head":"<!-- This site is optimized with the Yoast SEO plugin v27.4 - https:\/\/yoast.com\/product\/yoast-seo-wordpress\/ -->\n<title>Cyberverzekering Offerte - Matern\u00e9 Verzekert<\/title>\n<meta name=\"robots\" content=\"index, follow, max-snippet:-1, max-image-preview:large, max-video-preview:-1\" \/>\n<link rel=\"canonical\" href=\"https:\/\/materneverzekert.be\/fr\/devis-assurance-cybernetique\/\" \/>\n<meta property=\"og:locale\" content=\"fr_FR\" \/>\n<meta property=\"og:type\" content=\"article\" \/>\n<meta property=\"og:title\" content=\"Cyberverzekering Offerte - Matern\u00e9 Verzekert\" \/>\n<meta property=\"og:description\" content=\"Aanbod Ondernemingen Cyberverzekering Offerte berekenen Bereken nu uw offerte voor uw cyberverzekering Cybercrime is een hedendaagse problematiek die grote gevolgen kan hebben voor uw onderneming. In samenwerking met onze gespecialiseerde partners volgen we deze kwestie continue op. Wij zijn er voor u om uw risico\u2019s op maat af te schermen \u00e9n te verzekeren tegen alle [&hellip;]\" \/>\n<meta property=\"og:url\" content=\"https:\/\/materneverzekert.be\/fr\/devis-assurance-cybernetique\/\" \/>\n<meta property=\"og:site_name\" content=\"Matern\u00e9 Verzekert\" \/>\n<meta property=\"article:publisher\" content=\"https:\/\/www.facebook.com\/Materne.Verzekert\/\" \/>\n<meta property=\"article:modified_time\" content=\"2024-04-24T08:25:22+00:00\" \/>\n<meta name=\"twitter:card\" content=\"summary_large_image\" \/>\n<meta name=\"twitter:label1\" content=\"Dur\u00e9e de lecture estim\u00e9e\" \/>\n\t<meta name=\"twitter:data1\" content=\"1 minute\" \/>\n<script type=\"application\/ld+json\" class=\"yoast-schema-graph\">{\"@context\":\"https:\\\/\\\/schema.org\",\"@graph\":[{\"@type\":\"WebPage\",\"@id\":\"https:\\\/\\\/materneverzekert.be\\\/cyberverzekering-offerte\\\/\",\"url\":\"https:\\\/\\\/materneverzekert.be\\\/cyberverzekering-offerte\\\/\",\"name\":\"Cyberverzekering Offerte - Matern\u00e9 Verzekert\",\"isPartOf\":{\"@id\":\"https:\\\/\\\/materneverzekert.be\\\/en\\\/#website\"},\"datePublished\":\"2024-04-22T13:20:35+00:00\",\"dateModified\":\"2024-04-24T08:25:22+00:00\",\"breadcrumb\":{\"@id\":\"https:\\\/\\\/materneverzekert.be\\\/cyberverzekering-offerte\\\/#breadcrumb\"},\"inLanguage\":\"fr-FR\",\"potentialAction\":[{\"@type\":\"ReadAction\",\"target\":[\"https:\\\/\\\/materneverzekert.be\\\/cyberverzekering-offerte\\\/\"]}]},{\"@type\":\"BreadcrumbList\",\"@id\":\"https:\\\/\\\/materneverzekert.be\\\/cyberverzekering-offerte\\\/#breadcrumb\",\"itemListElement\":[{\"@type\":\"ListItem\",\"position\":1,\"name\":\"Home\",\"item\":\"https:\\\/\\\/materneverzekert.be\\\/\"},{\"@type\":\"ListItem\",\"position\":2,\"name\":\"Cyberverzekering Offerte\"}]},{\"@type\":\"WebSite\",\"@id\":\"https:\\\/\\\/materneverzekert.be\\\/en\\\/#website\",\"url\":\"https:\\\/\\\/materneverzekert.be\\\/en\\\/\",\"name\":\"Matern\u00e9 Verzekert\",\"description\":\"Verzekeringen en Financi\u00ebn\",\"publisher\":{\"@id\":\"https:\\\/\\\/materneverzekert.be\\\/en\\\/#organization\"},\"potentialAction\":[{\"@type\":\"SearchAction\",\"target\":{\"@type\":\"EntryPoint\",\"urlTemplate\":\"https:\\\/\\\/materneverzekert.be\\\/en\\\/?s={search_term_string}\"},\"query-input\":{\"@type\":\"PropertyValueSpecification\",\"valueRequired\":true,\"valueName\":\"search_term_string\"}}],\"inLanguage\":\"fr-FR\"},{\"@type\":\"Organization\",\"@id\":\"https:\\\/\\\/materneverzekert.be\\\/en\\\/#organization\",\"name\":\"Matern\u00e9 Verzekert\",\"url\":\"https:\\\/\\\/materneverzekert.be\\\/en\\\/\",\"logo\":{\"@type\":\"ImageObject\",\"inLanguage\":\"fr-FR\",\"@id\":\"https:\\\/\\\/materneverzekert.be\\\/en\\\/#\\\/schema\\\/logo\\\/image\\\/\",\"url\":\"https:\\\/\\\/materneverzekert.be\\\/wp-content\\\/uploads\\\/2023\\\/11\\\/logo-materne.webp\",\"contentUrl\":\"https:\\\/\\\/materneverzekert.be\\\/wp-content\\\/uploads\\\/2023\\\/11\\\/logo-materne.webp\",\"width\":329,\"height\":64,\"caption\":\"Matern\u00e9 Verzekert\"},\"image\":{\"@id\":\"https:\\\/\\\/materneverzekert.be\\\/en\\\/#\\\/schema\\\/logo\\\/image\\\/\"},\"sameAs\":[\"https:\\\/\\\/www.facebook.com\\\/Materne.Verzekert\\\/\",\"https:\\\/\\\/www.instagram.com\\\/materne_verzekert\\\/\",\"https:\\\/\\\/www.linkedin.com\\\/company\\\/5280937\"]}]}<\/script>\n<!-- \/ Yoast SEO plugin. -->","yoast_head_json":{"title":"Devis assurance cybern\u00e9tique - Matern\u00e9 Insures","robots":{"index":"index","follow":"follow","max-snippet":"max-snippet:-1","max-image-preview":"max-image-preview:large","max-video-preview":"max-video-preview:-1"},"canonical":"https:\/\/materneverzekert.be\/fr\/devis-assurance-cybernetique\/","og_locale":"fr_FR","og_type":"article","og_title":"Cyberverzekering Offerte - Matern\u00e9 Verzekert","og_description":"Aanbod Ondernemingen Cyberverzekering Offerte berekenen Bereken nu uw offerte voor uw cyberverzekering Cybercrime is een hedendaagse problematiek die grote gevolgen kan hebben voor uw onderneming. In samenwerking met onze gespecialiseerde partners volgen we deze kwestie continue op. Wij zijn er voor u om uw risico\u2019s op maat af te schermen \u00e9n te verzekeren tegen alle [&hellip;]","og_url":"https:\/\/materneverzekert.be\/fr\/devis-assurance-cybernetique\/","og_site_name":"Matern\u00e9 Verzekert","article_publisher":"https:\/\/www.facebook.com\/Materne.Verzekert\/","article_modified_time":"2024-04-24T08:25:22+00:00","twitter_card":"summary_large_image","twitter_misc":{"Dur\u00e9e de lecture estim\u00e9e":"1 minute"},"schema":{"@context":"https:\/\/schema.org","@graph":[{"@type":"WebPage","@id":"https:\/\/materneverzekert.be\/cyberverzekering-offerte\/","url":"https:\/\/materneverzekert.be\/cyberverzekering-offerte\/","name":"Devis assurance cybern\u00e9tique - Matern\u00e9 Insures","isPartOf":{"@id":"https:\/\/materneverzekert.be\/en\/#website"},"datePublished":"2024-04-22T13:20:35+00:00","dateModified":"2024-04-24T08:25:22+00:00","breadcrumb":{"@id":"https:\/\/materneverzekert.be\/cyberverzekering-offerte\/#breadcrumb"},"inLanguage":"fr-FR","potentialAction":[{"@type":"ReadAction","target":["https:\/\/materneverzekert.be\/cyberverzekering-offerte\/"]}]},{"@type":"BreadcrumbList","@id":"https:\/\/materneverzekert.be\/cyberverzekering-offerte\/#breadcrumb","itemListElement":[{"@type":"ListItem","position":1,"name":"Home","item":"https:\/\/materneverzekert.be\/"},{"@type":"ListItem","position":2,"name":"Cyberverzekering Offerte"}]},{"@type":"WebSite","@id":"https:\/\/materneverzekert.be\/en\/#website","url":"https:\/\/materneverzekert.be\/en\/","name":"Matern\u00e9 Insures","description":"Assurance et finance","publisher":{"@id":"https:\/\/materneverzekert.be\/en\/#organization"},"potentialAction":[{"@type":"SearchAction","target":{"@type":"EntryPoint","urlTemplate":"https:\/\/materneverzekert.be\/en\/?s={search_term_string}"},"query-input":{"@type":"PropertyValueSpecification","valueRequired":true,"valueName":"search_term_string"}}],"inLanguage":"fr-FR"},{"@type":"Organization","@id":"https:\/\/materneverzekert.be\/en\/#organization","name":"Matern\u00e9 Insures","url":"https:\/\/materneverzekert.be\/en\/","logo":{"@type":"ImageObject","inLanguage":"fr-FR","@id":"https:\/\/materneverzekert.be\/en\/#\/schema\/logo\/image\/","url":"https:\/\/materneverzekert.be\/wp-content\/uploads\/2023\/11\/logo-materne.webp","contentUrl":"https:\/\/materneverzekert.be\/wp-content\/uploads\/2023\/11\/logo-materne.webp","width":329,"height":64,"caption":"Matern\u00e9 Verzekert"},"image":{"@id":"https:\/\/materneverzekert.be\/en\/#\/schema\/logo\/image\/"},"sameAs":["https:\/\/www.facebook.com\/Materne.Verzekert\/","https:\/\/www.instagram.com\/materne_verzekert\/","https:\/\/www.linkedin.com\/company\/5280937"]}]}},"_links":{"self":[{"href":"https:\/\/materneverzekert.be\/fr\/wp-json\/wp\/v2\/pages\/2110","targetHints":{"allow":["GET"]}}],"collection":[{"href":"https:\/\/materneverzekert.be\/fr\/wp-json\/wp\/v2\/pages"}],"about":[{"href":"https:\/\/materneverzekert.be\/fr\/wp-json\/wp\/v2\/types\/page"}],"author":[{"embeddable":true,"href":"https:\/\/materneverzekert.be\/fr\/wp-json\/wp\/v2\/users\/1"}],"replies":[{"embeddable":true,"href":"https:\/\/materneverzekert.be\/fr\/wp-json\/wp\/v2\/comments?post=2110"}],"version-history":[{"count":0,"href":"https:\/\/materneverzekert.be\/fr\/wp-json\/wp\/v2\/pages\/2110\/revisions"}],"wp:attachment":[{"href":"https:\/\/materneverzekert.be\/fr\/wp-json\/wp\/v2\/media?parent=2110"}],"curies":[{"name":"wp","href":"https:\/\/api.w.org\/{rel}","templated":true}]}}