{"id":42,"date":"2023-11-17T12:15:37","date_gmt":"2023-11-17T12:15:37","guid":{"rendered":"http:\/\/materneverzekert.be\/?page_id=42"},"modified":"2024-05-20T14:02:14","modified_gmt":"2024-05-20T14:02:14","slug":"merci-de-votre-comprehension","status":"publish","type":"page","link":"https:\/\/materneverzekert.be\/fr\/bedankt\/","title":{"rendered":"Remerciements"},"content":{"rendered":"<div data-elementor-type=\"wp-page\" data-elementor-id=\"42\" class=\"elementor elementor-42\" data-elementor-post-type=\"page\">\n\t\t\t\t<div class=\"elementor-element elementor-element-9bc4ce9 e-flex e-con-boxed e-con e-parent\" data-id=\"9bc4ce9\" data-element_type=\"container\" data-e-type=\"container\" data-settings=\"{&quot;background_background&quot;:&quot;classic&quot;,&quot;jet_parallax_layout_list&quot;:[]}\">\n\t\t\t\t\t<div class=\"e-con-inner\">\n\t\t<div class=\"elementor-element elementor-element-94b9c96 e-con-full e-flex e-con e-child\" data-id=\"94b9c96\" data-element_type=\"container\" data-e-type=\"container\" data-settings=\"{&quot;jet_parallax_layout_list&quot;:[]}\">\n\t\t\t\t<div class=\"elementor-element elementor-element-cfcb40c elementor-widget elementor-widget-image\" data-id=\"cfcb40c\" data-element_type=\"widget\" data-e-type=\"widget\" data-widget_type=\"image.default\">\n\t\t\t\t<div class=\"elementor-widget-container\">\n\t\t\t\t\t\t\t\t\t\t\t\t\t\t\t<img decoding=\"async\" width=\"231\" height=\"46\" src=\"https:\/\/materneverzekert.be\/wp-content\/uploads\/2023\/11\/Materneverzekert.webp\" class=\"attachment-large size-large wp-image-91\" alt=\"\" \/>\t\t\t\t\t\t\t\t\t\t\t\t\t\t\t<\/div>\n\t\t\t\t<\/div>\n\t\t\t\t<\/div>\n\t\t<div class=\"elementor-element elementor-element-2f7c76c e-flex e-con-boxed e-con e-child\" data-id=\"2f7c76c\" data-element_type=\"container\" data-e-type=\"container\" data-settings=\"{&quot;jet_parallax_layout_list&quot;:[]}\">\n\t\t\t\t\t<div class=\"e-con-inner\">\n\t\t\t\t<div class=\"elementor-element elementor-element-6092842 elementor-view-default elementor-widget elementor-widget-icon\" data-id=\"6092842\" data-element_type=\"widget\" data-e-type=\"widget\" data-widget_type=\"icon.default\">\n\t\t\t\t<div class=\"elementor-widget-container\">\n\t\t\t\t\t\t\t<div class=\"elementor-icon-wrapper\">\n\t\t\t<div class=\"elementor-icon\">\n\t\t\t<svg xmlns=\"http:\/\/www.w3.org\/2000\/svg\" width=\"54\" height=\"54\" viewbox=\"0 0 54 54\" fill=\"none\"><path d=\"M18.9883 27.5925L23.911 32.3329L34.987 21.6671M50.9961 27C50.9961 40.2538 40.2518 50.9981 26.998 50.9981C21.5681 50.9981 3.00193 50.9981 3.00193 50.9981C3.00193 50.9981 7.15944 41.0152 5.49556 37.6679C3.8982 34.4544 3 30.8321 3 27C3 13.7462 13.7443 3.00195 26.998 3.00195C40.2518 3.00195 50.9961 13.7462 50.9961 27Z\" stroke=\"white\" stroke-width=\"5.3329\" stroke-linecap=\"round\" stroke-linejoin=\"round\"><\/path><\/svg>\t\t\t<\/div>\n\t\t<\/div>\n\t\t\t\t\t\t<\/div>\n\t\t\t\t<\/div>\n\t\t\t\t<div class=\"elementor-element elementor-element-cecfcd2 elementor-widget elementor-widget-heading\" data-id=\"cecfcd2\" data-element_type=\"widget\" data-e-type=\"widget\" data-widget_type=\"heading.default\">\n\t\t\t\t<div class=\"elementor-widget-container\">\n\t\t\t\t\t<h2 class=\"elementor-heading-title elementor-size-default\">Merci pour votre message<\/h2>\t\t\t\t<\/div>\n\t\t\t\t<\/div>\n\t\t\t\t<div class=\"elementor-element elementor-element-a429958 elementor-widget__width-initial elementor-widget elementor-widget-text-editor\" data-id=\"a429958\" data-element_type=\"widget\" data-e-type=\"widget\" data-widget_type=\"text-editor.default\">\n\t\t\t\t<div class=\"elementor-widget-container\">\n\t\t\t\t\t\t\t\t\t<p>Nous avons bien re\u00e7u votre message. Notre bureau vous contactera dans les plus brefs d\u00e9lais.<\/p>\t\t\t\t\t\t\t\t<\/div>\n\t\t\t\t<\/div>\n\t\t\t\t<div class=\"elementor-element elementor-element-147ca7a elementor-widget elementor-widget-button\" data-id=\"147ca7a\" data-element_type=\"widget\" data-e-type=\"widget\" data-widget_type=\"button.default\">\n\t\t\t\t<div class=\"elementor-widget-container\">\n\t\t\t\t\t\t\t\t\t<div class=\"elementor-button-wrapper\">\n\t\t\t\t\t<a class=\"elementor-button elementor-button-link elementor-size-md\" href=\"https:\/\/materneverzekert.be\/fr\">\n\t\t\t\t\t\t<span class=\"elementor-button-content-wrapper\">\n\t\t\t\t\t\t<span class=\"elementor-button-icon\">\n\t\t\t\t<svg xmlns=\"http:\/\/www.w3.org\/2000\/svg\" width=\"19\" height=\"19\" viewbox=\"0 0 19 19\" fill=\"none\"><path d=\"M13.5 13.3123L17.5 9.31226M17.5 9.31226L13.5 5.31226M17.5 9.31226H7.5M9.5 1.31226H4.7C3.5799 1.31226 3.01984 1.31226 2.59202 1.53024C2.21569 1.72199 1.90973 2.02795 1.71799 2.40427C1.5 2.8321 1.5 3.39215 1.5 4.51226V14.1123C1.5 15.2324 1.5 15.7924 1.71799 16.2202C1.90973 16.5966 2.21569 16.9025 2.59202 17.0943C3.01984 17.3123 3.5799 17.3123 4.7 17.3123H9.5\" stroke=\"#1C4689\" stroke-width=\"2\" stroke-linecap=\"round\" stroke-linejoin=\"round\"><\/path><\/svg>\t\t\t<\/span>\n\t\t\t\t\t\t\t\t\t<span class=\"elementor-button-text\">Retour \u00e0 la page d'accueil<\/span>\n\t\t\t\t\t<\/span>\n\t\t\t\t\t<\/a>\n\t\t\t\t<\/div>\n\t\t\t\t\t\t\t\t<\/div>\n\t\t\t\t<\/div>\n\t\t\t\t\t<\/div>\n\t\t\t\t<\/div>\n\t\t<div class=\"elementor-element elementor-element-9c1c51c e-con-full e-flex e-con e-child\" data-id=\"9c1c51c\" data-element_type=\"container\" data-e-type=\"container\" data-settings=\"{&quot;jet_parallax_layout_list&quot;:[]}\">\n\t\t\t\t<\/div>\n\t\t\t\t\t<\/div>\n\t\t\t\t<\/div>\n\t\t\t\t<\/div>","protected":false},"excerpt":{"rendered":"<p>Merci pour votre message Nous avons bien re\u00e7u votre message. Notre bureau vous contactera dans les plus brefs d\u00e9lais. Retour \u00e0 la page d'accueil<\/p>","protected":false},"author":1,"featured_media":10,"parent":0,"menu_order":0,"comment_status":"closed","ping_status":"closed","template":"elementor_canvas","meta":{"footnotes":""},"class_list":["post-42","page","type-page","status-publish","has-post-thumbnail","hentry"],"yoast_head":"<!-- This site is optimized with the Yoast SEO plugin v27.3 - https:\/\/yoast.com\/product\/yoast-seo-wordpress\/ -->\n<title>Bedankt - Matern\u00e9 Verzekert<\/title>\n<meta name=\"robots\" content=\"index, follow, max-snippet:-1, max-image-preview:large, max-video-preview:-1\" \/>\n<link rel=\"canonical\" href=\"https:\/\/materneverzekert.be\/fr\/merci-de-votre-comprehension\/\" \/>\n<meta property=\"og:locale\" content=\"fr_FR\" \/>\n<meta property=\"og:type\" content=\"article\" \/>\n<meta property=\"og:title\" content=\"Bedankt - Matern\u00e9 Verzekert\" \/>\n<meta property=\"og:description\" content=\"Bedankt voor uw bericht We hebben uw bericht goed ontvangen. Ons kantoor neemt zo snel mogelijk contact met u op. Terug naar de homepagina\" \/>\n<meta property=\"og:url\" content=\"https:\/\/materneverzekert.be\/fr\/merci-de-votre-comprehension\/\" \/>\n<meta property=\"og:site_name\" content=\"Matern\u00e9 Verzekert\" \/>\n<meta property=\"article:publisher\" content=\"https:\/\/www.facebook.com\/Materne.Verzekert\/\" \/>\n<meta property=\"article:modified_time\" content=\"2024-05-20T14:02:14+00:00\" \/>\n<meta property=\"og:image\" content=\"https:\/\/materneverzekert.be\/wp-content\/uploads\/2023\/11\/Featured-image-1.webp\" \/>\n\t<meta property=\"og:image:width\" content=\"400\" \/>\n\t<meta property=\"og:image:height\" content=\"250\" \/>\n\t<meta property=\"og:image:type\" content=\"image\/webp\" \/>\n<meta name=\"twitter:card\" content=\"summary_large_image\" \/>\n<meta name=\"twitter:label1\" content=\"Dur\u00e9e de lecture estim\u00e9e\" \/>\n\t<meta name=\"twitter:data1\" content=\"1 minute\" \/>\n<script type=\"application\/ld+json\" class=\"yoast-schema-graph\">{\"@context\":\"https:\\\/\\\/schema.org\",\"@graph\":[{\"@type\":\"WebPage\",\"@id\":\"https:\\\/\\\/materneverzekert.be\\\/bedankt\\\/\",\"url\":\"https:\\\/\\\/materneverzekert.be\\\/bedankt\\\/\",\"name\":\"Bedankt - Matern\u00e9 Verzekert\",\"isPartOf\":{\"@id\":\"https:\\\/\\\/materneverzekert.be\\\/en\\\/#website\"},\"primaryImageOfPage\":{\"@id\":\"https:\\\/\\\/materneverzekert.be\\\/bedankt\\\/#primaryimage\"},\"image\":{\"@id\":\"https:\\\/\\\/materneverzekert.be\\\/bedankt\\\/#primaryimage\"},\"thumbnailUrl\":\"https:\\\/\\\/materneverzekert.be\\\/wp-content\\\/uploads\\\/2023\\\/11\\\/Featured-image-1.webp\",\"datePublished\":\"2023-11-17T12:15:37+00:00\",\"dateModified\":\"2024-05-20T14:02:14+00:00\",\"breadcrumb\":{\"@id\":\"https:\\\/\\\/materneverzekert.be\\\/bedankt\\\/#breadcrumb\"},\"inLanguage\":\"fr-FR\",\"potentialAction\":[{\"@type\":\"ReadAction\",\"target\":[\"https:\\\/\\\/materneverzekert.be\\\/bedankt\\\/\"]}]},{\"@type\":\"ImageObject\",\"inLanguage\":\"fr-FR\",\"@id\":\"https:\\\/\\\/materneverzekert.be\\\/bedankt\\\/#primaryimage\",\"url\":\"https:\\\/\\\/materneverzekert.be\\\/wp-content\\\/uploads\\\/2023\\\/11\\\/Featured-image-1.webp\",\"contentUrl\":\"https:\\\/\\\/materneverzekert.be\\\/wp-content\\\/uploads\\\/2023\\\/11\\\/Featured-image-1.webp\",\"width\":400,\"height\":250},{\"@type\":\"BreadcrumbList\",\"@id\":\"https:\\\/\\\/materneverzekert.be\\\/bedankt\\\/#breadcrumb\",\"itemListElement\":[{\"@type\":\"ListItem\",\"position\":1,\"name\":\"Home\",\"item\":\"https:\\\/\\\/materneverzekert.be\\\/\"},{\"@type\":\"ListItem\",\"position\":2,\"name\":\"Bedankt\"}]},{\"@type\":\"WebSite\",\"@id\":\"https:\\\/\\\/materneverzekert.be\\\/en\\\/#website\",\"url\":\"https:\\\/\\\/materneverzekert.be\\\/en\\\/\",\"name\":\"Matern\u00e9 Verzekert\",\"description\":\"Verzekeringen en Financi\u00ebn\",\"publisher\":{\"@id\":\"https:\\\/\\\/materneverzekert.be\\\/en\\\/#organization\"},\"potentialAction\":[{\"@type\":\"SearchAction\",\"target\":{\"@type\":\"EntryPoint\",\"urlTemplate\":\"https:\\\/\\\/materneverzekert.be\\\/en\\\/?s={search_term_string}\"},\"query-input\":{\"@type\":\"PropertyValueSpecification\",\"valueRequired\":true,\"valueName\":\"search_term_string\"}}],\"inLanguage\":\"fr-FR\"},{\"@type\":\"Organization\",\"@id\":\"https:\\\/\\\/materneverzekert.be\\\/en\\\/#organization\",\"name\":\"Matern\u00e9 Verzekert\",\"url\":\"https:\\\/\\\/materneverzekert.be\\\/en\\\/\",\"logo\":{\"@type\":\"ImageObject\",\"inLanguage\":\"fr-FR\",\"@id\":\"https:\\\/\\\/materneverzekert.be\\\/en\\\/#\\\/schema\\\/logo\\\/image\\\/\",\"url\":\"https:\\\/\\\/materneverzekert.be\\\/wp-content\\\/uploads\\\/2023\\\/11\\\/logo-materne.webp\",\"contentUrl\":\"https:\\\/\\\/materneverzekert.be\\\/wp-content\\\/uploads\\\/2023\\\/11\\\/logo-materne.webp\",\"width\":329,\"height\":64,\"caption\":\"Matern\u00e9 Verzekert\"},\"image\":{\"@id\":\"https:\\\/\\\/materneverzekert.be\\\/en\\\/#\\\/schema\\\/logo\\\/image\\\/\"},\"sameAs\":[\"https:\\\/\\\/www.facebook.com\\\/Materne.Verzekert\\\/\",\"https:\\\/\\\/www.instagram.com\\\/materne_verzekert\\\/\",\"https:\\\/\\\/www.linkedin.com\\\/company\\\/5280937\"]}]}<\/script>\n<!-- \/ Yoast SEO plugin. -->","yoast_head_json":{"title":"Merci - Matern\u00e9 Insures","robots":{"index":"index","follow":"follow","max-snippet":"max-snippet:-1","max-image-preview":"max-image-preview:large","max-video-preview":"max-video-preview:-1"},"canonical":"https:\/\/materneverzekert.be\/fr\/merci-de-votre-comprehension\/","og_locale":"fr_FR","og_type":"article","og_title":"Bedankt - Matern\u00e9 Verzekert","og_description":"Bedankt voor uw bericht We hebben uw bericht goed ontvangen. Ons kantoor neemt zo snel mogelijk contact met u op. Terug naar de homepagina","og_url":"https:\/\/materneverzekert.be\/fr\/merci-de-votre-comprehension\/","og_site_name":"Matern\u00e9 Verzekert","article_publisher":"https:\/\/www.facebook.com\/Materne.Verzekert\/","article_modified_time":"2024-05-20T14:02:14+00:00","og_image":[{"width":400,"height":250,"url":"https:\/\/materneverzekert.be\/wp-content\/uploads\/2023\/11\/Featured-image-1.webp","type":"image\/webp"}],"twitter_card":"summary_large_image","twitter_misc":{"Dur\u00e9e de lecture estim\u00e9e":"1 minute"},"schema":{"@context":"https:\/\/schema.org","@graph":[{"@type":"WebPage","@id":"https:\/\/materneverzekert.be\/bedankt\/","url":"https:\/\/materneverzekert.be\/bedankt\/","name":"Merci - Matern\u00e9 Insures","isPartOf":{"@id":"https:\/\/materneverzekert.be\/en\/#website"},"primaryImageOfPage":{"@id":"https:\/\/materneverzekert.be\/bedankt\/#primaryimage"},"image":{"@id":"https:\/\/materneverzekert.be\/bedankt\/#primaryimage"},"thumbnailUrl":"https:\/\/materneverzekert.be\/wp-content\/uploads\/2023\/11\/Featured-image-1.webp","datePublished":"2023-11-17T12:15:37+00:00","dateModified":"2024-05-20T14:02:14+00:00","breadcrumb":{"@id":"https:\/\/materneverzekert.be\/bedankt\/#breadcrumb"},"inLanguage":"fr-FR","potentialAction":[{"@type":"ReadAction","target":["https:\/\/materneverzekert.be\/bedankt\/"]}]},{"@type":"ImageObject","inLanguage":"fr-FR","@id":"https:\/\/materneverzekert.be\/bedankt\/#primaryimage","url":"https:\/\/materneverzekert.be\/wp-content\/uploads\/2023\/11\/Featured-image-1.webp","contentUrl":"https:\/\/materneverzekert.be\/wp-content\/uploads\/2023\/11\/Featured-image-1.webp","width":400,"height":250},{"@type":"BreadcrumbList","@id":"https:\/\/materneverzekert.be\/bedankt\/#breadcrumb","itemListElement":[{"@type":"ListItem","position":1,"name":"Home","item":"https:\/\/materneverzekert.be\/"},{"@type":"ListItem","position":2,"name":"Bedankt"}]},{"@type":"WebSite","@id":"https:\/\/materneverzekert.be\/en\/#website","url":"https:\/\/materneverzekert.be\/en\/","name":"Matern\u00e9 Insures","description":"Assurance et finance","publisher":{"@id":"https:\/\/materneverzekert.be\/en\/#organization"},"potentialAction":[{"@type":"SearchAction","target":{"@type":"EntryPoint","urlTemplate":"https:\/\/materneverzekert.be\/en\/?s={search_term_string}"},"query-input":{"@type":"PropertyValueSpecification","valueRequired":true,"valueName":"search_term_string"}}],"inLanguage":"fr-FR"},{"@type":"Organization","@id":"https:\/\/materneverzekert.be\/en\/#organization","name":"Matern\u00e9 Insures","url":"https:\/\/materneverzekert.be\/en\/","logo":{"@type":"ImageObject","inLanguage":"fr-FR","@id":"https:\/\/materneverzekert.be\/en\/#\/schema\/logo\/image\/","url":"https:\/\/materneverzekert.be\/wp-content\/uploads\/2023\/11\/logo-materne.webp","contentUrl":"https:\/\/materneverzekert.be\/wp-content\/uploads\/2023\/11\/logo-materne.webp","width":329,"height":64,"caption":"Matern\u00e9 Verzekert"},"image":{"@id":"https:\/\/materneverzekert.be\/en\/#\/schema\/logo\/image\/"},"sameAs":["https:\/\/www.facebook.com\/Materne.Verzekert\/","https:\/\/www.instagram.com\/materne_verzekert\/","https:\/\/www.linkedin.com\/company\/5280937"]}]}},"_links":{"self":[{"href":"https:\/\/materneverzekert.be\/fr\/wp-json\/wp\/v2\/pages\/42","targetHints":{"allow":["GET"]}}],"collection":[{"href":"https:\/\/materneverzekert.be\/fr\/wp-json\/wp\/v2\/pages"}],"about":[{"href":"https:\/\/materneverzekert.be\/fr\/wp-json\/wp\/v2\/types\/page"}],"author":[{"embeddable":true,"href":"https:\/\/materneverzekert.be\/fr\/wp-json\/wp\/v2\/users\/1"}],"replies":[{"embeddable":true,"href":"https:\/\/materneverzekert.be\/fr\/wp-json\/wp\/v2\/comments?post=42"}],"version-history":[{"count":0,"href":"https:\/\/materneverzekert.be\/fr\/wp-json\/wp\/v2\/pages\/42\/revisions"}],"wp:featuredmedia":[{"embeddable":true,"href":"https:\/\/materneverzekert.be\/fr\/wp-json\/wp\/v2\/media\/10"}],"wp:attachment":[{"href":"https:\/\/materneverzekert.be\/fr\/wp-json\/wp\/v2\/media?parent=42"}],"curies":[{"name":"wp","href":"https:\/\/api.w.org\/{rel}","templated":true}]}}