{"id":2271,"date":"2024-05-03T08:05:42","date_gmt":"2024-05-03T08:05:42","guid":{"rendered":"http:\/\/materneverzekert.be\/?page_id=2271"},"modified":"2024-05-21T19:15:20","modified_gmt":"2024-05-21T19:15:20","slug":"academy","status":"publish","type":"page","link":"https:\/\/materneverzekert.be\/nl\/academy\/","title":{"rendered":"ACADEMY"},"content":{"rendered":"\t\t<div data-elementor-type=\"wp-page\" data-elementor-id=\"2271\" class=\"elementor elementor-2271\" data-elementor-post-type=\"page\">\n\t\t\t\t<div class=\"elementor-element elementor-element-d5e1d4e e-con-full e-flex e-con e-parent\" data-id=\"d5e1d4e\" data-element_type=\"container\" data-e-type=\"container\" data-settings=\"{&quot;jet_parallax_layout_list&quot;:[]}\">\n\t\t<div class=\"elementor-element elementor-element-4e73971 e-flex e-con-boxed e-con e-child\" data-id=\"4e73971\" data-element_type=\"container\" data-e-type=\"container\" data-settings=\"{&quot;jet_parallax_layout_list&quot;:[]}\">\n\t\t\t\t\t<div class=\"e-con-inner\">\n\t\t\t\t<div class=\"elementor-element elementor-element-a362b06 elementor-widget elementor-widget-heading\" data-id=\"a362b06\" data-element_type=\"widget\" data-e-type=\"widget\" data-widget_type=\"heading.default\">\n\t\t\t\t<div class=\"elementor-widget-container\">\n\t\t\t\t\t<h2 class=\"elementor-heading-title elementor-size-default\">Coming soon<\/h2>\t\t\t\t<\/div>\n\t\t\t\t<\/div>\n\t\t\t\t<div class=\"elementor-element elementor-element-fcfbfb6 elementor-widget elementor-widget-heading\" data-id=\"fcfbfb6\" data-element_type=\"widget\" data-e-type=\"widget\" data-widget_type=\"heading.default\">\n\t\t\t\t<div class=\"elementor-widget-container\">\n\t\t\t\t\t<h2 class=\"elementor-heading-title elementor-size-default\">Matern\u00e9 Academy<\/h2>\t\t\t\t<\/div>\n\t\t\t\t<\/div>\n\t\t\t\t<div class=\"elementor-element elementor-element-1b7208d elementor-widget__width-initial elementor-widget-mobile__width-initial elementor-widget elementor-widget-text-editor\" data-id=\"1b7208d\" data-element_type=\"widget\" data-e-type=\"widget\" data-widget_type=\"text-editor.default\">\n\t\t\t\t<div class=\"elementor-widget-container\">\n\t\t\t\t\t\t\t\t\t<p>Met de Matern\u00e9 Academy kun je een diepgaand begrip ontwikkelen van verzekeringen en alle vaardigheden verwerven die nodig zijn om succesvol te zijn in deze boeiende sector.<\/p>\t\t\t\t\t\t\t\t<\/div>\n\t\t\t\t<\/div>\n\t\t\t\t<div class=\"elementor-element elementor-element-2043a00 elementor-mobile-align-center elementor-widget elementor-widget-button\" data-id=\"2043a00\" data-element_type=\"widget\" data-e-type=\"widget\" data-widget_type=\"button.default\">\n\t\t\t\t<div class=\"elementor-widget-container\">\n\t\t\t\t\t\t\t\t\t<div class=\"elementor-button-wrapper\">\n\t\t\t\t\t<a class=\"elementor-button elementor-button-link elementor-size-md\" href=\"http:\/\/materneverzekert.be\/\">\n\t\t\t\t\t\t<span class=\"elementor-button-content-wrapper\">\n\t\t\t\t\t\t<span class=\"elementor-button-icon\">\n\t\t\t\t<svg xmlns=\"http:\/\/www.w3.org\/2000\/svg\" xmlns:xlink=\"http:\/\/www.w3.org\/1999\/xlink\" id=\"Capa_1\" x=\"0px\" y=\"0px\" viewBox=\"0 0 512 512\" style=\"enable-background:new 0 0 512 512;\" xml:space=\"preserve\"><path style=\"fill:#455A64;\" d=\"M256,0c-76.544,0.094-138.573,62.122-138.667,138.667V224c0,5.891,4.776,10.667,10.667,10.667h42.667 c5.891,0,10.667-4.776,10.667-10.667v-85.333C181.333,97.429,214.763,64,256,64s74.667,33.429,74.667,74.667V224 c0,5.891,4.776,10.667,10.667,10.667H384c5.891,0,10.667-4.776,10.667-10.667v-85.333C394.573,62.122,332.544,0.094,256,0z\"><\/path><path style=\"fill:#FFC107;\" d=\"M128,213.333h256c29.455,0,53.333,23.878,53.333,53.333v192C437.333,488.122,413.455,512,384,512H128 c-29.455,0-53.333-23.878-53.333-53.333v-192C74.667,237.211,98.545,213.333,128,213.333z\"><\/path><path style=\"fill:#455A64;\" d=\"M309.333,330.667c0.124-29.455-23.653-53.434-53.108-53.558 c-29.455-0.124-53.434,23.653-53.558,53.108c-0.086,20.36,11.427,38.992,29.674,48.023l-8.235,57.6 c-0.825,5.833,3.235,11.23,9.068,12.055c0.494,0.07,0.993,0.105,1.492,0.105h42.667c5.891,0.06,10.715-4.667,10.774-10.558 c0.005-0.543-0.03-1.086-0.108-1.623l-8.235-57.6C297.788,369.199,309.216,350.82,309.333,330.667z\"><\/path><g><\/g><g><\/g><g><\/g><g><\/g><g><\/g><g><\/g><g><\/g><g><\/g><g><\/g><g><\/g><g><\/g><g><\/g><g><\/g><g><\/g><g><\/g><\/svg>\t\t\t<\/span>\n\t\t\t\t\t\t\t\t\t<span class=\"elementor-button-text\">Coming Soon<\/span>\n\t\t\t\t\t<\/span>\n\t\t\t\t\t<\/a>\n\t\t\t\t<\/div>\n\t\t\t\t\t\t\t\t<\/div>\n\t\t\t\t<\/div>\n\t\t\t\t\t<\/div>\n\t\t\t\t<\/div>\n\t\t<div class=\"elementor-element elementor-element-ad59126 e-con-full e-flex e-con e-child\" data-id=\"ad59126\" data-element_type=\"container\" data-e-type=\"container\" data-settings=\"{&quot;jet_parallax_layout_list&quot;:[]}\">\n\t\t\t\t<div class=\"elementor-element elementor-element-7df50f1 elementor-widget elementor-widget-heading\" data-id=\"7df50f1\" data-element_type=\"widget\" data-e-type=\"widget\" data-widget_type=\"heading.default\">\n\t\t\t\t<div class=\"elementor-widget-container\">\n\t\t\t\t\t<h2 class=\"elementor-heading-title elementor-size-default\">Dit kan je verwachten<\/h2>\t\t\t\t<\/div>\n\t\t\t\t<\/div>\n\t\t<div class=\"elementor-element elementor-element-d5e2906 e-con-full e-grid e-con e-child\" data-id=\"d5e2906\" data-element_type=\"container\" data-e-type=\"container\" data-settings=\"{&quot;jet_parallax_layout_list&quot;:[]}\">\n\t\t<div class=\"elementor-element elementor-element-2810da1 e-flex e-con-boxed e-con e-child\" data-id=\"2810da1\" data-element_type=\"container\" data-e-type=\"container\" data-settings=\"{&quot;background_background&quot;:&quot;classic&quot;,&quot;jet_parallax_layout_list&quot;:[]}\">\n\t\t\t\t\t<div class=\"e-con-inner\">\n\t\t\t\t<div class=\"elementor-element elementor-element-9e2f44b elementor-view-default elementor-widget elementor-widget-icon\" data-id=\"9e2f44b\" data-element_type=\"widget\" data-e-type=\"widget\" data-widget_type=\"icon.default\">\n\t\t\t\t<div class=\"elementor-widget-container\">\n\t\t\t\t\t\t\t<div class=\"elementor-icon-wrapper\">\n\t\t\t<div class=\"elementor-icon\">\n\t\t\t<svg aria-hidden=\"true\" class=\"e-font-icon-svg e-far-check-circle\" viewBox=\"0 0 512 512\" xmlns=\"http:\/\/www.w3.org\/2000\/svg\"><path d=\"M256 8C119.033 8 8 119.033 8 256s111.033 248 248 248 248-111.033 248-248S392.967 8 256 8zm0 48c110.532 0 200 89.451 200 200 0 110.532-89.451 200-200 200-110.532 0-200-89.451-200-200 0-110.532 89.451-200 200-200m140.204 130.267l-22.536-22.718c-4.667-4.705-12.265-4.736-16.97-.068L215.346 303.697l-59.792-60.277c-4.667-4.705-12.265-4.736-16.97-.069l-22.719 22.536c-4.705 4.667-4.736 12.265-.068 16.971l90.781 91.516c4.667 4.705 12.265 4.736 16.97.068l172.589-171.204c4.704-4.668 4.734-12.266.067-16.971z\"><\/path><\/svg>\t\t\t<\/div>\n\t\t<\/div>\n\t\t\t\t\t\t<\/div>\n\t\t\t\t<\/div>\n\t\t\t\t<div class=\"elementor-element elementor-element-2969c41 elementor-widget elementor-widget-heading\" data-id=\"2969c41\" data-element_type=\"widget\" data-e-type=\"widget\" data-widget_type=\"heading.default\">\n\t\t\t\t<div class=\"elementor-widget-container\">\n\t\t\t\t\t<h2 class=\"elementor-heading-title elementor-size-default\">Perfomance<\/h2>\t\t\t\t<\/div>\n\t\t\t\t<\/div>\n\t\t\t\t<div class=\"elementor-element elementor-element-1eb27c3 elementor-widget elementor-widget-text-editor\" data-id=\"1eb27c3\" data-element_type=\"widget\" data-e-type=\"widget\" data-widget_type=\"text-editor.default\">\n\t\t\t\t<div class=\"elementor-widget-container\">\n\t\t\t\t\t\t\t\t\t<p>Jouw tijd zo effici\u00ebnt mogelijk inzetten voor maximaal resultaat.<\/p>\t\t\t\t\t\t\t\t<\/div>\n\t\t\t\t<\/div>\n\t\t\t\t\t<\/div>\n\t\t\t\t<\/div>\n\t\t<div class=\"elementor-element elementor-element-3d613c2 e-flex e-con-boxed e-con e-child\" data-id=\"3d613c2\" data-element_type=\"container\" data-e-type=\"container\" data-settings=\"{&quot;background_background&quot;:&quot;classic&quot;,&quot;jet_parallax_layout_list&quot;:[]}\">\n\t\t\t\t\t<div class=\"e-con-inner\">\n\t\t\t\t<div class=\"elementor-element elementor-element-618ab04 elementor-view-default elementor-widget elementor-widget-icon\" data-id=\"618ab04\" data-element_type=\"widget\" data-e-type=\"widget\" data-widget_type=\"icon.default\">\n\t\t\t\t<div class=\"elementor-widget-container\">\n\t\t\t\t\t\t\t<div class=\"elementor-icon-wrapper\">\n\t\t\t<div class=\"elementor-icon\">\n\t\t\t<svg aria-hidden=\"true\" class=\"e-font-icon-svg e-far-check-circle\" viewBox=\"0 0 512 512\" xmlns=\"http:\/\/www.w3.org\/2000\/svg\"><path d=\"M256 8C119.033 8 8 119.033 8 256s111.033 248 248 248 248-111.033 248-248S392.967 8 256 8zm0 48c110.532 0 200 89.451 200 200 0 110.532-89.451 200-200 200-110.532 0-200-89.451-200-200 0-110.532 89.451-200 200-200m140.204 130.267l-22.536-22.718c-4.667-4.705-12.265-4.736-16.97-.068L215.346 303.697l-59.792-60.277c-4.667-4.705-12.265-4.736-16.97-.069l-22.719 22.536c-4.705 4.667-4.736 12.265-.068 16.971l90.781 91.516c4.667 4.705 12.265 4.736 16.97.068l172.589-171.204c4.704-4.668 4.734-12.266.067-16.971z\"><\/path><\/svg>\t\t\t<\/div>\n\t\t<\/div>\n\t\t\t\t\t\t<\/div>\n\t\t\t\t<\/div>\n\t\t\t\t<div class=\"elementor-element elementor-element-8ad0ee0 elementor-widget elementor-widget-heading\" data-id=\"8ad0ee0\" data-element_type=\"widget\" data-e-type=\"widget\" data-widget_type=\"heading.default\">\n\t\t\t\t<div class=\"elementor-widget-container\">\n\t\t\t\t\t<h2 class=\"elementor-heading-title elementor-size-default\">Inzichten<\/h2>\t\t\t\t<\/div>\n\t\t\t\t<\/div>\n\t\t\t\t<div class=\"elementor-element elementor-element-582275d elementor-widget elementor-widget-text-editor\" data-id=\"582275d\" data-element_type=\"widget\" data-e-type=\"widget\" data-widget_type=\"text-editor.default\">\n\t\t\t\t<div class=\"elementor-widget-container\">\n\t\t\t\t\t\t\t\t\t<p>Op basis van echte cases delen we inzichten.<\/p>\t\t\t\t\t\t\t\t<\/div>\n\t\t\t\t<\/div>\n\t\t\t\t\t<\/div>\n\t\t\t\t<\/div>\n\t\t<div class=\"elementor-element elementor-element-cf188b8 e-flex e-con-boxed e-con e-child\" data-id=\"cf188b8\" data-element_type=\"container\" data-e-type=\"container\" data-settings=\"{&quot;background_background&quot;:&quot;classic&quot;,&quot;jet_parallax_layout_list&quot;:[]}\">\n\t\t\t\t\t<div class=\"e-con-inner\">\n\t\t\t\t<div class=\"elementor-element elementor-element-44592c9 elementor-view-default elementor-widget elementor-widget-icon\" data-id=\"44592c9\" data-element_type=\"widget\" data-e-type=\"widget\" data-widget_type=\"icon.default\">\n\t\t\t\t<div class=\"elementor-widget-container\">\n\t\t\t\t\t\t\t<div class=\"elementor-icon-wrapper\">\n\t\t\t<div class=\"elementor-icon\">\n\t\t\t<svg aria-hidden=\"true\" class=\"e-font-icon-svg e-far-check-circle\" viewBox=\"0 0 512 512\" xmlns=\"http:\/\/www.w3.org\/2000\/svg\"><path d=\"M256 8C119.033 8 8 119.033 8 256s111.033 248 248 248 248-111.033 248-248S392.967 8 256 8zm0 48c110.532 0 200 89.451 200 200 0 110.532-89.451 200-200 200-110.532 0-200-89.451-200-200 0-110.532 89.451-200 200-200m140.204 130.267l-22.536-22.718c-4.667-4.705-12.265-4.736-16.97-.068L215.346 303.697l-59.792-60.277c-4.667-4.705-12.265-4.736-16.97-.069l-22.719 22.536c-4.705 4.667-4.736 12.265-.068 16.971l90.781 91.516c4.667 4.705 12.265 4.736 16.97.068l172.589-171.204c4.704-4.668 4.734-12.266.067-16.971z\"><\/path><\/svg>\t\t\t<\/div>\n\t\t<\/div>\n\t\t\t\t\t\t<\/div>\n\t\t\t\t<\/div>\n\t\t\t\t<div class=\"elementor-element elementor-element-6c1d106 elementor-widget elementor-widget-heading\" data-id=\"6c1d106\" data-element_type=\"widget\" data-e-type=\"widget\" data-widget_type=\"heading.default\">\n\t\t\t\t<div class=\"elementor-widget-container\">\n\t\t\t\t\t<h2 class=\"elementor-heading-title elementor-size-default\">Ervaring<\/h2>\t\t\t\t<\/div>\n\t\t\t\t<\/div>\n\t\t\t\t<div class=\"elementor-element elementor-element-e0a65a8 elementor-widget elementor-widget-text-editor\" data-id=\"e0a65a8\" data-element_type=\"widget\" data-e-type=\"widget\" data-widget_type=\"text-editor.default\">\n\t\t\t\t<div class=\"elementor-widget-container\">\n\t\t\t\t\t\t\t\t\t<p>Met meer dan 100 jaar ervaring delen we de in&#8217;s &amp; out&#8217;s van het vak.<\/p>\t\t\t\t\t\t\t\t<\/div>\n\t\t\t\t<\/div>\n\t\t\t\t\t<\/div>\n\t\t\t\t<\/div>\n\t\t<div class=\"elementor-element elementor-element-8bd5826 e-flex e-con-boxed e-con e-child\" data-id=\"8bd5826\" data-element_type=\"container\" data-e-type=\"container\" data-settings=\"{&quot;background_background&quot;:&quot;classic&quot;,&quot;jet_parallax_layout_list&quot;:[]}\">\n\t\t\t\t\t<div class=\"e-con-inner\">\n\t\t\t\t<div class=\"elementor-element elementor-element-084b36f elementor-view-default elementor-widget elementor-widget-icon\" data-id=\"084b36f\" data-element_type=\"widget\" data-e-type=\"widget\" data-widget_type=\"icon.default\">\n\t\t\t\t<div class=\"elementor-widget-container\">\n\t\t\t\t\t\t\t<div class=\"elementor-icon-wrapper\">\n\t\t\t<div class=\"elementor-icon\">\n\t\t\t<svg aria-hidden=\"true\" class=\"e-font-icon-svg e-far-check-circle\" viewBox=\"0 0 512 512\" xmlns=\"http:\/\/www.w3.org\/2000\/svg\"><path d=\"M256 8C119.033 8 8 119.033 8 256s111.033 248 248 248 248-111.033 248-248S392.967 8 256 8zm0 48c110.532 0 200 89.451 200 200 0 110.532-89.451 200-200 200-110.532 0-200-89.451-200-200 0-110.532 89.451-200 200-200m140.204 130.267l-22.536-22.718c-4.667-4.705-12.265-4.736-16.97-.068L215.346 303.697l-59.792-60.277c-4.667-4.705-12.265-4.736-16.97-.069l-22.719 22.536c-4.705 4.667-4.736 12.265-.068 16.971l90.781 91.516c4.667 4.705 12.265 4.736 16.97.068l172.589-171.204c4.704-4.668 4.734-12.266.067-16.971z\"><\/path><\/svg>\t\t\t<\/div>\n\t\t<\/div>\n\t\t\t\t\t\t<\/div>\n\t\t\t\t<\/div>\n\t\t\t\t<div class=\"elementor-element elementor-element-d89a0fa elementor-widget elementor-widget-heading\" data-id=\"d89a0fa\" data-element_type=\"widget\" data-e-type=\"widget\" data-widget_type=\"heading.default\">\n\t\t\t\t<div class=\"elementor-widget-container\">\n\t\t\t\t\t<h2 class=\"elementor-heading-title elementor-size-default\">Persona<\/h2>\t\t\t\t<\/div>\n\t\t\t\t<\/div>\n\t\t\t\t<div class=\"elementor-element elementor-element-5596820 elementor-widget elementor-widget-text-editor\" data-id=\"5596820\" data-element_type=\"widget\" data-e-type=\"widget\" data-widget_type=\"text-editor.default\">\n\t\t\t\t<div class=\"elementor-widget-container\">\n\t\t\t\t\t\t\t\t\t<p>Wie moet jij zijn om uit te blinken in je vak? Je leert het hier.<\/p>\t\t\t\t\t\t\t\t<\/div>\n\t\t\t\t<\/div>\n\t\t\t\t\t<\/div>\n\t\t\t\t<\/div>\n\t\t\t\t<\/div>\n\t\t\t\t<\/div>\n\t\t\t\t<\/div>\n\t\t\t\t<\/div>\n\t\t","protected":false},"excerpt":{"rendered":"<p>Coming soon Matern\u00e9 Academy Met de Matern\u00e9 Academy kun je een diepgaand begrip ontwikkelen van verzekeringen en alle vaardigheden verwerven die nodig zijn om succesvol te zijn in deze boeiende sector. Coming Soon Dit kan je verwachten Perfomance Jouw tijd zo effici\u00ebnt mogelijk inzetten voor maximaal resultaat. Inzichten Op basis van echte cases delen we [&hellip;]<\/p>\n","protected":false},"author":1,"featured_media":0,"parent":0,"menu_order":0,"comment_status":"closed","ping_status":"closed","template":"","meta":{"footnotes":""},"class_list":["post-2271","page","type-page","status-publish","hentry"],"yoast_head":"<!-- This site is optimized with the Yoast SEO plugin v27.3 - https:\/\/yoast.com\/product\/yoast-seo-wordpress\/ -->\n<title>ACADEMY - Matern\u00e9 Verzekert<\/title>\n<meta name=\"robots\" content=\"index, follow, max-snippet:-1, max-image-preview:large, max-video-preview:-1\" \/>\n<link rel=\"canonical\" href=\"https:\/\/materneverzekert.be\/nl\/academy\/\" \/>\n<meta property=\"og:locale\" content=\"nl_BE\" \/>\n<meta property=\"og:type\" content=\"article\" \/>\n<meta property=\"og:title\" content=\"ACADEMY - Matern\u00e9 Verzekert\" \/>\n<meta property=\"og:description\" content=\"Coming soon Matern\u00e9 Academy Met de Matern\u00e9 Academy kun je een diepgaand begrip ontwikkelen van verzekeringen en alle vaardigheden verwerven die nodig zijn om succesvol te zijn in deze boeiende sector. Coming Soon Dit kan je verwachten Perfomance Jouw tijd zo effici\u00ebnt mogelijk inzetten voor maximaal resultaat. Inzichten Op basis van echte cases delen we [&hellip;]\" \/>\n<meta property=\"og:url\" content=\"https:\/\/materneverzekert.be\/nl\/academy\/\" \/>\n<meta property=\"og:site_name\" content=\"Matern\u00e9 Verzekert\" \/>\n<meta property=\"article:publisher\" content=\"https:\/\/www.facebook.com\/Materne.Verzekert\/\" \/>\n<meta property=\"article:modified_time\" content=\"2024-05-21T19:15:20+00:00\" \/>\n<meta name=\"twitter:card\" content=\"summary_large_image\" \/>\n<meta name=\"twitter:label1\" content=\"Geschatte leestijd\" \/>\n\t<meta name=\"twitter:data1\" content=\"1 minuut\" \/>\n<script type=\"application\/ld+json\" class=\"yoast-schema-graph\">{\"@context\":\"https:\\\/\\\/schema.org\",\"@graph\":[{\"@type\":\"WebPage\",\"@id\":\"https:\\\/\\\/materneverzekert.be\\\/en\\\/academy\\\/\",\"url\":\"https:\\\/\\\/materneverzekert.be\\\/en\\\/academy\\\/\",\"name\":\"ACADEMY - Matern\u00e9 Verzekert\",\"isPartOf\":{\"@id\":\"https:\\\/\\\/materneverzekert.be\\\/en\\\/#website\"},\"datePublished\":\"2024-05-03T08:05:42+00:00\",\"dateModified\":\"2024-05-21T19:15:20+00:00\",\"breadcrumb\":{\"@id\":\"https:\\\/\\\/materneverzekert.be\\\/en\\\/academy\\\/#breadcrumb\"},\"inLanguage\":\"nl-BE\",\"potentialAction\":[{\"@type\":\"ReadAction\",\"target\":[\"https:\\\/\\\/materneverzekert.be\\\/en\\\/academy\\\/\"]}]},{\"@type\":\"BreadcrumbList\",\"@id\":\"https:\\\/\\\/materneverzekert.be\\\/en\\\/academy\\\/#breadcrumb\",\"itemListElement\":[{\"@type\":\"ListItem\",\"position\":1,\"name\":\"Home\",\"item\":\"https:\\\/\\\/materneverzekert.be\\\/\"},{\"@type\":\"ListItem\",\"position\":2,\"name\":\"ACADEMY\"}]},{\"@type\":\"WebSite\",\"@id\":\"https:\\\/\\\/materneverzekert.be\\\/en\\\/#website\",\"url\":\"https:\\\/\\\/materneverzekert.be\\\/en\\\/\",\"name\":\"Matern\u00e9 Verzekert\",\"description\":\"Verzekeringen en Financi\u00ebn\",\"publisher\":{\"@id\":\"https:\\\/\\\/materneverzekert.be\\\/en\\\/#organization\"},\"potentialAction\":[{\"@type\":\"SearchAction\",\"target\":{\"@type\":\"EntryPoint\",\"urlTemplate\":\"https:\\\/\\\/materneverzekert.be\\\/en\\\/?s={search_term_string}\"},\"query-input\":{\"@type\":\"PropertyValueSpecification\",\"valueRequired\":true,\"valueName\":\"search_term_string\"}}],\"inLanguage\":\"nl-BE\"},{\"@type\":\"Organization\",\"@id\":\"https:\\\/\\\/materneverzekert.be\\\/en\\\/#organization\",\"name\":\"Matern\u00e9 Verzekert\",\"url\":\"https:\\\/\\\/materneverzekert.be\\\/en\\\/\",\"logo\":{\"@type\":\"ImageObject\",\"inLanguage\":\"nl-BE\",\"@id\":\"https:\\\/\\\/materneverzekert.be\\\/en\\\/#\\\/schema\\\/logo\\\/image\\\/\",\"url\":\"https:\\\/\\\/materneverzekert.be\\\/wp-content\\\/uploads\\\/2023\\\/11\\\/logo-materne.webp\",\"contentUrl\":\"https:\\\/\\\/materneverzekert.be\\\/wp-content\\\/uploads\\\/2023\\\/11\\\/logo-materne.webp\",\"width\":329,\"height\":64,\"caption\":\"Matern\u00e9 Verzekert\"},\"image\":{\"@id\":\"https:\\\/\\\/materneverzekert.be\\\/en\\\/#\\\/schema\\\/logo\\\/image\\\/\"},\"sameAs\":[\"https:\\\/\\\/www.facebook.com\\\/Materne.Verzekert\\\/\",\"https:\\\/\\\/www.instagram.com\\\/materne_verzekert\\\/\",\"https:\\\/\\\/www.linkedin.com\\\/company\\\/5280937\"]}]}<\/script>\n<!-- \/ Yoast SEO plugin. -->","yoast_head_json":{"title":"ACADEMY - Matern\u00e9 Verzekert","robots":{"index":"index","follow":"follow","max-snippet":"max-snippet:-1","max-image-preview":"max-image-preview:large","max-video-preview":"max-video-preview:-1"},"canonical":"https:\/\/materneverzekert.be\/nl\/academy\/","og_locale":"nl_BE","og_type":"article","og_title":"ACADEMY - Matern\u00e9 Verzekert","og_description":"Coming soon Matern\u00e9 Academy Met de Matern\u00e9 Academy kun je een diepgaand begrip ontwikkelen van verzekeringen en alle vaardigheden verwerven die nodig zijn om succesvol te zijn in deze boeiende sector. Coming Soon Dit kan je verwachten Perfomance Jouw tijd zo effici\u00ebnt mogelijk inzetten voor maximaal resultaat. Inzichten Op basis van echte cases delen we [&hellip;]","og_url":"https:\/\/materneverzekert.be\/nl\/academy\/","og_site_name":"Matern\u00e9 Verzekert","article_publisher":"https:\/\/www.facebook.com\/Materne.Verzekert\/","article_modified_time":"2024-05-21T19:15:20+00:00","twitter_card":"summary_large_image","twitter_misc":{"Geschatte leestijd":"1 minuut"},"schema":{"@context":"https:\/\/schema.org","@graph":[{"@type":"WebPage","@id":"https:\/\/materneverzekert.be\/en\/academy\/","url":"https:\/\/materneverzekert.be\/en\/academy\/","name":"ACADEMY - Matern\u00e9 Verzekert","isPartOf":{"@id":"https:\/\/materneverzekert.be\/en\/#website"},"datePublished":"2024-05-03T08:05:42+00:00","dateModified":"2024-05-21T19:15:20+00:00","breadcrumb":{"@id":"https:\/\/materneverzekert.be\/en\/academy\/#breadcrumb"},"inLanguage":"nl-BE","potentialAction":[{"@type":"ReadAction","target":["https:\/\/materneverzekert.be\/en\/academy\/"]}]},{"@type":"BreadcrumbList","@id":"https:\/\/materneverzekert.be\/en\/academy\/#breadcrumb","itemListElement":[{"@type":"ListItem","position":1,"name":"Home","item":"https:\/\/materneverzekert.be\/"},{"@type":"ListItem","position":2,"name":"ACADEMY"}]},{"@type":"WebSite","@id":"https:\/\/materneverzekert.be\/en\/#website","url":"https:\/\/materneverzekert.be\/en\/","name":"Matern\u00e9 Verzekert","description":"Verzekeringen en Financi\u00ebn","publisher":{"@id":"https:\/\/materneverzekert.be\/en\/#organization"},"potentialAction":[{"@type":"SearchAction","target":{"@type":"EntryPoint","urlTemplate":"https:\/\/materneverzekert.be\/en\/?s={search_term_string}"},"query-input":{"@type":"PropertyValueSpecification","valueRequired":true,"valueName":"search_term_string"}}],"inLanguage":"nl-BE"},{"@type":"Organization","@id":"https:\/\/materneverzekert.be\/en\/#organization","name":"Matern\u00e9 Verzekert","url":"https:\/\/materneverzekert.be\/en\/","logo":{"@type":"ImageObject","inLanguage":"nl-BE","@id":"https:\/\/materneverzekert.be\/en\/#\/schema\/logo\/image\/","url":"https:\/\/materneverzekert.be\/wp-content\/uploads\/2023\/11\/logo-materne.webp","contentUrl":"https:\/\/materneverzekert.be\/wp-content\/uploads\/2023\/11\/logo-materne.webp","width":329,"height":64,"caption":"Matern\u00e9 Verzekert"},"image":{"@id":"https:\/\/materneverzekert.be\/en\/#\/schema\/logo\/image\/"},"sameAs":["https:\/\/www.facebook.com\/Materne.Verzekert\/","https:\/\/www.instagram.com\/materne_verzekert\/","https:\/\/www.linkedin.com\/company\/5280937"]}]}},"_links":{"self":[{"href":"https:\/\/materneverzekert.be\/nl\/wp-json\/wp\/v2\/pages\/2271","targetHints":{"allow":["GET"]}}],"collection":[{"href":"https:\/\/materneverzekert.be\/nl\/wp-json\/wp\/v2\/pages"}],"about":[{"href":"https:\/\/materneverzekert.be\/nl\/wp-json\/wp\/v2\/types\/page"}],"author":[{"embeddable":true,"href":"https:\/\/materneverzekert.be\/nl\/wp-json\/wp\/v2\/users\/1"}],"replies":[{"embeddable":true,"href":"https:\/\/materneverzekert.be\/nl\/wp-json\/wp\/v2\/comments?post=2271"}],"version-history":[{"count":0,"href":"https:\/\/materneverzekert.be\/nl\/wp-json\/wp\/v2\/pages\/2271\/revisions"}],"wp:attachment":[{"href":"https:\/\/materneverzekert.be\/nl\/wp-json\/wp\/v2\/media?parent=2271"}],"curies":[{"name":"wp","href":"https:\/\/api.w.org\/{rel}","templated":true}]}}